{"id":996,"date":"2019-01-21T23:16:46","date_gmt":"2019-01-22T04:16:52","guid":{"rendered":"https:\/\/rollerski.ca\/?post_type=product&#038;p=996"},"modified":"2019-01-25T11:37:33","modified_gmt":"2019-01-25T16:37:33","slug":"ensemble-garde-boue-avant-pour-v9-fire-tour-150","status":"publish","type":"product","link":"https:\/\/rollerski.ca\/fr\/produit\/ensemble-garde-boue-avant-pour-v9-fire-tour-150\/","title":{"rendered":"Ensemble garde-boue avant pour V9 FIRE\/TOUR 150"},"content":{"rendered":"<span class=\"et_bloom_bottom_trigger\"><\/span>","protected":false},"excerpt":{"rendered":"<p>Compatible avec V9 FIRE 150 &amp; V9 TOUR 150<\/p>\n<p>Les garde-boue prot\u00e8gent votre Cross et vos v\u00eatements de sport de la fente, de la poussi\u00e8re et de la salet\u00e9. Plastiques l\u00e9gers, faciles \u00e0 installer.<\/p>\n<p>Cet ensemble est pour 2 roues avant avec un diam\u00e8tre de 150mm \/ 6 pouces.<\/p>\n","protected":false},"featured_media":998,"comment_status":"open","ping_status":"closed","template":"","meta":[],"product_cat":[29,38],"product_tag":[],"_links":{"self":[{"href":"https:\/\/rollerski.ca\/fr\/wp-json\/wp\/v2\/product\/996"}],"collection":[{"href":"https:\/\/rollerski.ca\/fr\/wp-json\/wp\/v2\/product"}],"about":[{"href":"https:\/\/rollerski.ca\/fr\/wp-json\/wp\/v2\/types\/product"}],"replies":[{"embeddable":true,"href":"https:\/\/rollerski.ca\/fr\/wp-json\/wp\/v2\/comments?post=996"}],"wp:featuredmedia":[{"embeddable":true,"href":"https:\/\/rollerski.ca\/fr\/wp-json\/wp\/v2\/media\/998"}],"wp:attachment":[{"href":"https:\/\/rollerski.ca\/fr\/wp-json\/wp\/v2\/media?parent=996"}],"wp:term":[{"taxonomy":"product_cat","embeddable":true,"href":"https:\/\/rollerski.ca\/fr\/wp-json\/wp\/v2\/product_cat?post=996"},{"taxonomy":"product_tag","embeddable":true,"href":"https:\/\/rollerski.ca\/fr\/wp-json\/wp\/v2\/product_tag?post=996"}],"curies":[{"name":"wp","href":"https:\/\/api.w.org\/{rel}","templated":true}]}}