{"id":992,"date":"2019-01-21T22:25:38","date_gmt":"2019-01-22T03:25:44","guid":{"rendered":"https:\/\/rollerski.ca\/?post_type=product&#038;p=992"},"modified":"2024-12-23T14:44:18","modified_gmt":"2024-12-23T19:44:18","slug":"ensemble-de-garde-boue-arriere-pour-v9-fire-tour-200","status":"publish","type":"product","link":"https:\/\/rollerski.ca\/fr\/produit\/ensemble-de-garde-boue-arriere-pour-v9-fire-tour-200\/","title":{"rendered":"Ensemble de garde-boue arri\u00e8re pour V9 FIRE\/TOUR 200"},"content":{"rendered":"<span class=\"et_bloom_bottom_trigger\"><\/span>","protected":false},"excerpt":{"rendered":"<p>Compatible avec V9 FIRE 200 &amp; V9 TOUR 200<\/p>\n<p>Les garde-boue prot\u00e8gent votre Cross et vos v\u00eatements de sport de la fente, de la poussi\u00e8re et de la salet\u00e9. Plastiques l\u00e9gers, faciles \u00e0 installer.<\/p>\n<p>Cet ensemble est pour 2 roues arri\u00e8re avec un diam\u00e8tre de 200mm \/ 8 pouces.<\/p>\n","protected":false},"featured_media":994,"comment_status":"open","ping_status":"closed","template":"","meta":[],"product_cat":[29,38],"product_tag":[],"_links":{"self":[{"href":"https:\/\/rollerski.ca\/fr\/wp-json\/wp\/v2\/product\/992"}],"collection":[{"href":"https:\/\/rollerski.ca\/fr\/wp-json\/wp\/v2\/product"}],"about":[{"href":"https:\/\/rollerski.ca\/fr\/wp-json\/wp\/v2\/types\/product"}],"replies":[{"embeddable":true,"href":"https:\/\/rollerski.ca\/fr\/wp-json\/wp\/v2\/comments?post=992"}],"wp:featuredmedia":[{"embeddable":true,"href":"https:\/\/rollerski.ca\/fr\/wp-json\/wp\/v2\/media\/994"}],"wp:attachment":[{"href":"https:\/\/rollerski.ca\/fr\/wp-json\/wp\/v2\/media?parent=992"}],"wp:term":[{"taxonomy":"product_cat","embeddable":true,"href":"https:\/\/rollerski.ca\/fr\/wp-json\/wp\/v2\/product_cat?post=992"},{"taxonomy":"product_tag","embeddable":true,"href":"https:\/\/rollerski.ca\/fr\/wp-json\/wp\/v2\/product_tag?post=992"}],"curies":[{"name":"wp","href":"https:\/\/api.w.org\/{rel}","templated":true}]}}