{"id":975,"date":"2019-01-21T10:11:43","date_gmt":"2019-01-21T15:11:55","guid":{"rendered":"https:\/\/rollerski.ca\/?post_type=product&#038;p=975"},"modified":"2025-06-06T17:10:31","modified_gmt":"2025-06-06T21:10:31","slug":"skike-v9-tour-150","status":"publish","type":"product","link":"https:\/\/rollerski.ca\/fr\/produit\/skike-v9-tour-150\/","title":{"rendered":"Skike V9 TOUR 150"},"content":{"rendered":"<div style=\"margin-right: 40px; float: left;\">\n<ul>\n<li>Usage tout terrain et sur la route<\/li>\n<li>Style classique (en pas alternatif)<\/li>\n<li>Style skating (en pas du patineur)<\/li>\n<li>R\u00e9glage individuel des jambes<\/li>\n<li>Doux aux chevilles<\/li>\n<li>Utilisable avec ses propres chaussures<\/li>\n<li>Fonction Heel Lift<\/li>\n<li>Alliage d&rsquo;aluminium sp\u00e9cial<\/li>\n<li>Plastique Haute Performance<\/li>\n<li>Technologie Skike Multi<\/li>\n<\/ul>\n<\/div>\n<div style=\"margin-right: 40px; float: left;\">\n<ul>\n<li style=\"list-style-type: none;\">\n<ul>\n<li>Freins fiables<\/li>\n<li>Fonction lever du talon s\u00e9lectionnable<\/li>\n<li>El\u00e9ments r\u00e9fl\u00e9chissants<\/li>\n<li>Jante 9 rayons<\/li>\n<li>Roues de 6 pouces ( \u2205 15 cm)<\/li>\n<li>Roulements ABEC 6<\/li>\n<li>Roues pneumatiques<\/li>\n<li>Syst\u00e8me anti-recul sur 2 roues<\/li>\n<li>Pneus Road Star<\/li>\n<\/ul>\n<\/li>\n<\/ul>\n<\/div>\n<div style=\"clear: both;\"><a href=\"https:\/\/rollerski.ca\/skike-v9-product-line\/\">Voir la brochure<\/a><\/div>\n<span class=\"et_bloom_bottom_trigger\"><\/span>","protected":false},"excerpt":{"rendered":"<p>Usage tout terrain et sur la route Style classique (en pas alternatif) Style skating (en pas du patineur) R\u00e9glage individuel des jambes Doux aux chevilles Utilisable<span class=\"excerpt-hellip\"> [\u2026]<\/span><\/p>\n","protected":false},"featured_media":977,"comment_status":"open","ping_status":"closed","template":"","meta":[],"product_cat":[114,28,36],"product_tag":[],"_links":{"self":[{"href":"https:\/\/rollerski.ca\/fr\/wp-json\/wp\/v2\/product\/975"}],"collection":[{"href":"https:\/\/rollerski.ca\/fr\/wp-json\/wp\/v2\/product"}],"about":[{"href":"https:\/\/rollerski.ca\/fr\/wp-json\/wp\/v2\/types\/product"}],"replies":[{"embeddable":true,"href":"https:\/\/rollerski.ca\/fr\/wp-json\/wp\/v2\/comments?post=975"}],"wp:featuredmedia":[{"embeddable":true,"href":"https:\/\/rollerski.ca\/fr\/wp-json\/wp\/v2\/media\/977"}],"wp:attachment":[{"href":"https:\/\/rollerski.ca\/fr\/wp-json\/wp\/v2\/media?parent=975"}],"wp:term":[{"taxonomy":"product_cat","embeddable":true,"href":"https:\/\/rollerski.ca\/fr\/wp-json\/wp\/v2\/product_cat?post=975"},{"taxonomy":"product_tag","embeddable":true,"href":"https:\/\/rollerski.ca\/fr\/wp-json\/wp\/v2\/product_tag?post=975"}],"curies":[{"name":"wp","href":"https:\/\/api.w.org\/{rel}","templated":true}]}}