{"id":826,"date":"2018-03-15T17:29:59","date_gmt":"2018-03-15T21:30:02","guid":{"rendered":"https:\/\/rollerski.ca\/?post_type=product&#038;p=826\/"},"modified":"2024-08-31T13:31:39","modified_gmt":"2024-08-31T17:31:39","slug":"8-pouces-roue-major-grip-verte","status":"publish","type":"product","link":"https:\/\/rollerski.ca\/fr\/produit\/8-pouces-roue-major-grip-verte\/","title":{"rendered":"8 pouces Roue MAJOR GRIP verte"},"content":{"rendered":"<ul>\n<li>Roue pneumatique 8 pouces (\u2205 200mm) pour la s\u00e9rie V9<\/li>\n<li>Pneu Major Grip<\/li>\n<li>ABEC 7 ball bearings<\/li>\n<li>Plastique haute performance<\/li>\n<\/ul>\n<p>Les roues 12SG-MG de 8 pouces MajorGrip vertes sont sp\u00e9cialement con\u00e7ues pour aller sur tous les types de terrains. Nous recommandons une pression d&rsquo;air de 60 \u00e0 75 psi (4 \u00e0 5 bars) afin d&rsquo;avoir un bon \u00e9quilibre entre suspension et l&rsquo;adh\u00e9rence.<\/p>\n<span class=\"et_bloom_bottom_trigger\"><\/span>","protected":false},"excerpt":{"rendered":"<p>Roue compl\u00e8te\u00a08 pouces \u2013\u00a0200 mm de diam\u00e8tre.<\/p>\n<p>Pour rollerski skike V9<\/p>\n","protected":false},"featured_media":1169,"comment_status":"open","ping_status":"closed","template":"","meta":[],"product_cat":[29,38],"product_tag":[],"_links":{"self":[{"href":"https:\/\/rollerski.ca\/fr\/wp-json\/wp\/v2\/product\/826"}],"collection":[{"href":"https:\/\/rollerski.ca\/fr\/wp-json\/wp\/v2\/product"}],"about":[{"href":"https:\/\/rollerski.ca\/fr\/wp-json\/wp\/v2\/types\/product"}],"replies":[{"embeddable":true,"href":"https:\/\/rollerski.ca\/fr\/wp-json\/wp\/v2\/comments?post=826"}],"wp:featuredmedia":[{"embeddable":true,"href":"https:\/\/rollerski.ca\/fr\/wp-json\/wp\/v2\/media\/1169"}],"wp:attachment":[{"href":"https:\/\/rollerski.ca\/fr\/wp-json\/wp\/v2\/media?parent=826"}],"wp:term":[{"taxonomy":"product_cat","embeddable":true,"href":"https:\/\/rollerski.ca\/fr\/wp-json\/wp\/v2\/product_cat?post=826"},{"taxonomy":"product_tag","embeddable":true,"href":"https:\/\/rollerski.ca\/fr\/wp-json\/wp\/v2\/product_tag?post=826"}],"curies":[{"name":"wp","href":"https:\/\/api.w.org\/{rel}","templated":true}]}}