{"id":800,"date":"2018-03-02T14:21:25","date_gmt":"2018-03-02T19:21:30","guid":{"rendered":"https:\/\/rollerski.ca\/?post_type=product&#038;p=800\/"},"modified":"2025-12-04T12:35:29","modified_gmt":"2025-12-04T17:35:29","slug":"skike-v9-fire-200","status":"publish","type":"product","link":"https:\/\/rollerski.ca\/fr\/produit\/skike-v9-fire-200\/","title":{"rendered":"Skike V9 FIRE 200"},"content":{"rendered":"<p><iframe src=\"https:\/\/www.youtube.com\/embed\/H7euVBXLDyU?rel=0\" width=\"700\" height=\"400\" frameborder=\"0\" allowfullscreen=\"allowfullscreen\"><\/iframe><\/p>\n<div style=\"margin-right: 40px; float: left;\">\n<ul>\n<li>Usage tout terrain et sur la route<\/li>\n<li>Style classique (en pas alternatif)<\/li>\n<li>Style skating (en pas du patineur)<\/li>\n<li>R\u00e9glage individuel des jambes<\/li>\n<li>Doux aux chevilles<\/li>\n<li>Utilisable avec ses propres chaussures<\/li>\n<li>Alliage d&rsquo;aluminium sp\u00e9cial<\/li>\n<li>Plastique Haute Performance<\/li>\n<li>Freins fiables<\/li>\n<\/ul>\n<\/div>\n<div style=\"margin-right: 40px; float: left;\">\n<ul>\n<li>Fonction lever du talon s\u00e9lectionnable<\/li>\n<li>El\u00e9ments r\u00e9fl\u00e9chissants<\/li>\n<li>Jante 12 rayons<\/li>\n<li>Roues de 8 pouces ( \u2205 20 cm)<\/li>\n<li>Roulements ABEC 7<\/li>\n<li>Roues pneumatiques<\/li>\n<li>Syst\u00e8me anti-recul sur 2 roues<\/li>\n<li>Pneus Major Grip<\/li>\n<\/ul>\n<\/div>\n<div style=\"clear: both;\"><a href=\"https:\/\/rollerski.ca\/skike-v9-product-line\/\">Voir la brochure<\/a><\/div>\n<span class=\"et_bloom_bottom_trigger\"><\/span>","protected":false},"excerpt":{"rendered":"<p>Voici un produit qui vous permet de mettre en pratique votre technique du pas de patin et votre technique classique!<\/p>\n<p>&nbsp;<\/p>\n","protected":false},"featured_media":802,"comment_status":"open","ping_status":"closed","template":"","meta":[],"product_cat":[28,36],"product_tag":[],"_links":{"self":[{"href":"https:\/\/rollerski.ca\/fr\/wp-json\/wp\/v2\/product\/800"}],"collection":[{"href":"https:\/\/rollerski.ca\/fr\/wp-json\/wp\/v2\/product"}],"about":[{"href":"https:\/\/rollerski.ca\/fr\/wp-json\/wp\/v2\/types\/product"}],"replies":[{"embeddable":true,"href":"https:\/\/rollerski.ca\/fr\/wp-json\/wp\/v2\/comments?post=800"}],"wp:featuredmedia":[{"embeddable":true,"href":"https:\/\/rollerski.ca\/fr\/wp-json\/wp\/v2\/media\/802"}],"wp:attachment":[{"href":"https:\/\/rollerski.ca\/fr\/wp-json\/wp\/v2\/media?parent=800"}],"wp:term":[{"taxonomy":"product_cat","embeddable":true,"href":"https:\/\/rollerski.ca\/fr\/wp-json\/wp\/v2\/product_cat?post=800"},{"taxonomy":"product_tag","embeddable":true,"href":"https:\/\/rollerski.ca\/fr\/wp-json\/wp\/v2\/product_tag?post=800"}],"curies":[{"name":"wp","href":"https:\/\/api.w.org\/{rel}","templated":true}]}}