{"id":434,"date":"2017-04-22T14:31:54","date_gmt":"2017-04-22T18:31:54","guid":{"rendered":"http:\/\/rollerski.ca\/product\/skike-one4all-telescoping-poles\/"},"modified":"2024-08-07T12:21:15","modified_gmt":"2024-08-07T16:21:15","slug":"skike-one4all-poles-telescopiques","status":"publish","type":"product","link":"https:\/\/rollerski.ca\/fr\/produit\/skike-one4all-poles-telescopiques\/","title":{"rendered":"B\u00e2tons Skike One4All t\u00e9l\u00e9scopiques 115-160cm"},"content":{"rendered":"<p>B\u00e2tons t\u00e9l\u00e9scopiques Skike one4all avec pointes visables. 30% carbone, s\u2019ajuste de 115 \u00e0 160 cm.<\/p>\n<span class=\"et_bloom_bottom_trigger\"><\/span>","protected":false},"excerpt":{"rendered":"<p>B\u00e2tons t\u00e9l\u00e9scopiques Skike one4all avec pointes vissables. 30% carbone, s&rsquo;ajuste de 115 \u00e0 160 cm.<\/p>\n","protected":false},"featured_media":327,"comment_status":"open","ping_status":"closed","template":"","meta":[],"product_cat":[29,39],"product_tag":[],"_links":{"self":[{"href":"https:\/\/rollerski.ca\/fr\/wp-json\/wp\/v2\/product\/434"}],"collection":[{"href":"https:\/\/rollerski.ca\/fr\/wp-json\/wp\/v2\/product"}],"about":[{"href":"https:\/\/rollerski.ca\/fr\/wp-json\/wp\/v2\/types\/product"}],"replies":[{"embeddable":true,"href":"https:\/\/rollerski.ca\/fr\/wp-json\/wp\/v2\/comments?post=434"}],"wp:featuredmedia":[{"embeddable":true,"href":"https:\/\/rollerski.ca\/fr\/wp-json\/wp\/v2\/media\/327"}],"wp:attachment":[{"href":"https:\/\/rollerski.ca\/fr\/wp-json\/wp\/v2\/media?parent=434"}],"wp:term":[{"taxonomy":"product_cat","embeddable":true,"href":"https:\/\/rollerski.ca\/fr\/wp-json\/wp\/v2\/product_cat?post=434"},{"taxonomy":"product_tag","embeddable":true,"href":"https:\/\/rollerski.ca\/fr\/wp-json\/wp\/v2\/product_tag?post=434"}],"curies":[{"name":"wp","href":"https:\/\/api.w.org\/{rel}","templated":true}]}}