{"id":4078,"date":"2024-04-01T19:35:30","date_gmt":"2024-04-01T23:35:31","guid":{"rendered":"https:\/\/rollerski.ca\/?post_type=product&#038;p=4078"},"modified":"2024-04-01T19:47:07","modified_gmt":"2024-04-01T23:47:07","slug":"coupe-de-batons","status":"publish","type":"product","link":"https:\/\/rollerski.ca\/fr\/produit\/coupe-de-batons\/","title":{"rendered":"Coupe de b\u00e2tons"},"content":{"rendered":"<span class=\"et_bloom_bottom_trigger\"><\/span>","protected":false},"excerpt":{"rendered":"<p><strong>Nouveau service!<\/strong><\/p>\n<p>Nous proc\u00e9dons \u00e0 la coupe de vos nouveaux b\u00e2tons uniformes Ski Skett Alu!<\/p>\n<p>Assurez-vous d&rsquo;indiquer votre <strong>taille<\/strong>\u00a0dans la section \u00ab\u00a0commentaire\u00a0\u00bb \u00e0 la section check-out.<\/p>\n<p>Vos nouveaux b\u00e2tons seront fin pr\u00eats lorsque vous les recevrez!<\/p>\n","protected":false},"featured_media":3960,"comment_status":"open","ping_status":"closed","template":"","meta":[],"product_cat":[29,39],"product_tag":[],"_links":{"self":[{"href":"https:\/\/rollerski.ca\/fr\/wp-json\/wp\/v2\/product\/4078"}],"collection":[{"href":"https:\/\/rollerski.ca\/fr\/wp-json\/wp\/v2\/product"}],"about":[{"href":"https:\/\/rollerski.ca\/fr\/wp-json\/wp\/v2\/types\/product"}],"replies":[{"embeddable":true,"href":"https:\/\/rollerski.ca\/fr\/wp-json\/wp\/v2\/comments?post=4078"}],"wp:featuredmedia":[{"embeddable":true,"href":"https:\/\/rollerski.ca\/fr\/wp-json\/wp\/v2\/media\/3960"}],"wp:attachment":[{"href":"https:\/\/rollerski.ca\/fr\/wp-json\/wp\/v2\/media?parent=4078"}],"wp:term":[{"taxonomy":"product_cat","embeddable":true,"href":"https:\/\/rollerski.ca\/fr\/wp-json\/wp\/v2\/product_cat?post=4078"},{"taxonomy":"product_tag","embeddable":true,"href":"https:\/\/rollerski.ca\/fr\/wp-json\/wp\/v2\/product_tag?post=4078"}],"curies":[{"name":"wp","href":"https:\/\/api.w.org\/{rel}","templated":true}]}}