{"id":4025,"date":"2024-03-01T19:28:00","date_gmt":"2024-03-02T00:28:01","guid":{"rendered":"https:\/\/rollerski.ca\/?post_type=product&#038;p=4025"},"modified":"2025-05-13T21:20:25","modified_gmt":"2025-05-14T01:20:25","slug":"gel-nutritif-90g","status":"publish","type":"product","link":"https:\/\/rollerski.ca\/fr\/produit\/gel-nutritif-90g\/","title":{"rendered":"Gel nutritif 90g"},"content":{"rendered":"<p><strong>Description<\/strong><\/p>\n<p class=\"x_2063550443p1\"><span class=\"x_2063550443s1\">Le gel PF 90 enti\u00e8rement naturel peut \u00eatre utilis\u00e9 seul pendant des dur\u00e9es plus courtes, ou combin\u00e9 avec d&rsquo;autres produits de ravitaillement PF ou de vrais aliments lors d&rsquo;une utilisation plus longue. Cette pochette permet de suivre facilement vos besoins en carburant tout en minimisant tous les emballages et autres aliments.<\/span><\/p>\n<p class=\"x_2063550443p1\"><span class=\"x_2063550443s1\">Si vous \u00eates quelqu&rsquo;un qui ne s&rsquo;entend pas bien avec les gels auparavant, celui-ci vous surprendra certainement.<\/span><\/p>\n<p class=\"x_2063550443p1\"><span class=\"x_2063550443s1\">Id\u00e9al pour faire le plein de longues courses et randonn\u00e9es ou de grandes courses, le PF 90 contient 90\u00a0g de glucides par sachet. Remarque\u00a0: il ne contient pas d&rsquo;\u00e9lectrolytes, car ils sont con\u00e7us pour \u00eatre utilis\u00e9s avec la gamme Precision Hydration ou votre m\u00e9lange d&rsquo;\u00e9lectrolytes pr\u00e9f\u00e9r\u00e9.<\/span><\/p>\n<p class=\"x_2063550443p1\"><span class=\"x_2063550443s1\">Le bouchon refermable facile \u00e0 utiliser rend le ravitaillement avant\/pendant\/apr\u00e8s des efforts intenses plus pratique avec un \u00ab gel jumbo \u00bb.<\/span><\/p>\n<p class=\"x_2063550443p1\"><strong><span class=\"x_2063550443s1\">Principales caract\u00e9ristiques de chaque sachet:<\/span><\/strong><\/p>\n<p class=\"x_2063550443p1\"><span class=\"x_2063550443s1\">*\u00a0Contient 90\u00a0g de glucides par sachet<\/span><\/p>\n<p class=\"x_2063550443p1\"><span class=\"x_2063550443s1\">* Rapport glucose\/fructose de 2:1 pour faciliter l&rsquo;absorption des glucides<\/span><\/p>\n<p class=\"x_2063550443p1\"><span class=\"x_2063550443s1\">* Saveur \u00ab originale \u00bb douce et neutre pour r\u00e9duire la fatigue gustative<\/span><\/p>\n<p class=\"x_2063550443p1\"><span class=\"x_2063550443s1\">* Ne contient pas d&rsquo;\u00e9lectrolytes, car ils sont con\u00e7us pour \u00eatre utilis\u00e9s avec la gamme Precision Hydration<\/span><\/p>\n<p class=\"x_2063550443p1\"><span class=\"x_2063550443s1\">* Aucun ingr\u00e9dient artificiel<\/span><\/p>\n<p class=\"x_2063550443p1\"><span class=\"x_2063550443s1\">* V\u00e9g\u00e9talien<\/span><\/p>\n<p class=\"x_2063550443p1\"><span class=\"x_2063550443s1\">* Ne contient pas de caf\u00e9ine<\/span><\/p>\n<p class=\"x_2063550443p1\"><span class=\"x_2063550443s1\">* Certifi\u00e9 Informed-Sport<\/span><\/p>\n<p class=\"x_2063550443p1\"><strong><span class=\"x_2063550443s1\">Faits nutritionnels\u00a0:<\/span><\/strong><\/p>\n<p class=\"x_2063550443p1\"><span class=\"x_2063550443s1\">\u00c9nergie : 360 Cal \/ 1 506 Kj pour 153 g de gel (236 Cal \/ 987 Kj pour 100 g)<\/span><\/p>\n<p class=\"x_2063550443p1\"><span class=\"x_2063550443s1\">Prot\u00e9ines : &lt;0,1 g pour 153 g de gel &lt;0,1 g pour 100 g)<\/span><\/p>\n<p class=\"x_2063550443p1\"><span class=\"x_2063550443s1\">Lipides : &lt;0,1 g pour 153 g de gel (&lt;0,1 g pour 100 g)<\/span><\/p>\n<p class=\"x_2063550443p1\"><span class=\"x_2063550443s1\">Glucides : 90 g pour 153 g de gel (59 g pour 100 g)<\/span><\/p>\n<p class=\"x_2063550443p1\"><strong><span class=\"x_2063550443s1\">Comment l&rsquo;utiliser:<\/span><\/strong><\/p>\n<p class=\"x_2063550443p1\"><span class=\"x_2063550443s1\">D\u00e9vissez le capuchon refermable et pressez le gel dans votre bouche par \u00e9tapes, en utilisant votre meilleur jugement pour les portions. Nous pensons qu\u2019une grosse pression vous donne une quantit\u00e9 suffisante d\u2019environ 20 \u00e0 30 g. Refermez jusqu&rsquo;\u00e0 ce que vous ayez besoin de plus de carburant, puis r\u00e9p\u00e9tez.<\/span><\/p>\n<span class=\"et_bloom_bottom_trigger\"><\/span>","protected":false},"excerpt":{"rendered":"<p><strong>Gel nutritif 90g &#8211; paquet de 3 sachets de 90g cab gel<\/strong><\/p>\n<p><span class=\"x_2063550443s1\">L&rsquo;\u00e9quipe The Feed a mis 3 portions de son populaire gel PF 30 dans une pochette avec un capuchon refermable. Il s\u2019agit du m\u00eame gel au go\u00fbt neutre, mais livr\u00e9 dans un format \u00ab Jumbo \u00bb, id\u00e9al lorsque vous souhaitez injecter votre carburant \u00e0 petites doses r\u00e9guli\u00e8res.<\/span><\/p>\n<p>&nbsp;<\/p>\n","protected":false},"featured_media":4027,"comment_status":"open","ping_status":"closed","template":"","meta":[],"product_cat":[61],"product_tag":[],"_links":{"self":[{"href":"https:\/\/rollerski.ca\/fr\/wp-json\/wp\/v2\/product\/4025"}],"collection":[{"href":"https:\/\/rollerski.ca\/fr\/wp-json\/wp\/v2\/product"}],"about":[{"href":"https:\/\/rollerski.ca\/fr\/wp-json\/wp\/v2\/types\/product"}],"replies":[{"embeddable":true,"href":"https:\/\/rollerski.ca\/fr\/wp-json\/wp\/v2\/comments?post=4025"}],"wp:featuredmedia":[{"embeddable":true,"href":"https:\/\/rollerski.ca\/fr\/wp-json\/wp\/v2\/media\/4027"}],"wp:attachment":[{"href":"https:\/\/rollerski.ca\/fr\/wp-json\/wp\/v2\/media?parent=4025"}],"wp:term":[{"taxonomy":"product_cat","embeddable":true,"href":"https:\/\/rollerski.ca\/fr\/wp-json\/wp\/v2\/product_cat?post=4025"},{"taxonomy":"product_tag","embeddable":true,"href":"https:\/\/rollerski.ca\/fr\/wp-json\/wp\/v2\/product_tag?post=4025"}],"curies":[{"name":"wp","href":"https:\/\/api.w.org\/{rel}","templated":true}]}}