{"id":3946,"date":"2024-02-23T13:48:21","date_gmt":"2024-02-23T18:48:53","guid":{"rendered":"https:\/\/rollerski.ca\/?post_type=product&#038;p=3946"},"modified":"2025-05-24T12:38:29","modified_gmt":"2025-05-24T16:38:29","slug":"batons-ski-skett-alu","status":"publish","type":"product","link":"https:\/\/rollerski.ca\/fr\/produit\/batons-ski-skett-alu\/","title":{"rendered":"B\u00e2tons Ski Skett Alu"},"content":{"rendered":"<p>B\u00e2tons d\u2019aluminium 7075 de haute qualit\u00e9, tr\u00e8s r\u00e9sistant et durable. Livr\u00e9 avec ferrules en tungsten, \u00e9galement adapt\u00e9 pour une utilisation sur la neige compact\u00e9e. Munis de dragonnes de course r\u00e9glables avec raccord rapide.<\/p>\n<p>Les b\u00e2tons sont 170cm de longueur.<\/p>\n<p>Nous pouvons les couper et installer les manchons pour vous, en achetant le service \u00ab\u00a0Coupe de B\u00e2tons\u00a0\u00bb<\/p>\n<span class=\"et_bloom_bottom_trigger\"><\/span>","protected":false},"excerpt":{"rendered":"<p>B\u00e2tons de rollerski une pi\u00e8ce. Extr\u00eamement\u00a0 r\u00e9sistants, presqu&rsquo;incassables.<\/p>\n<p>Les b\u00e2tons sont 170cm de longueur.<\/p>\n<p>Nous pouvons les couper et installer les manchons pour vous, en achetant le service \u00ab\u00a0Coupe de B\u00e2tons\u00a0\u00bb<\/p>\n<p>&nbsp;<\/p>\n<p><strong>Informations techniques sur les b\u00e2tons SkiSkett Alu : Sp\u00e9cifications.<\/strong><\/p>\n<p>Bouton bi-mati\u00e8re : Polypropyl\u00e8ne (PP) surmoul\u00e9 d&rsquo;\u00e9lastom\u00e8re thermoplastique (TPE) et li\u00e8ge<br \/>\nPoign\u00e9e amovible : filet en polyester, velcro en nylon et bande r\u00e9fl\u00e9chissante avec passepoil en polyester et boucles en acier. Tous les mat\u00e9riaux sont sans AZO, top qualit\u00e9.<br \/>\nLe FR3 Air est fabriqu\u00e9 avec des mat\u00e9riaux respirants et confortables. Il permet par une petite pression sur le bouton in-out, plac\u00e9 sur la t\u00eate du bouton, de retirer la pi\u00e8ce \u00e0 main tr\u00e8s rapidement. Ce syst\u00e8me ne cr\u00e9e pas de vibrations lors de l&rsquo;utilisation. Pour offrir une plus grande s\u00e9curit\u00e9 dans les situations de faible luminosit\u00e9, un insert r\u00e9fl\u00e9chissant a \u00e9t\u00e9 ins\u00e9r\u00e9.<br \/>\nTubes : alliage d&rsquo;aluminium 7075, rev\u00eatement en poudre \u00e9poxy\/polyester<\/p>\n","protected":false},"featured_media":3960,"comment_status":"closed","ping_status":"closed","template":"","meta":[],"product_cat":[29,39],"product_tag":[],"_links":{"self":[{"href":"https:\/\/rollerski.ca\/fr\/wp-json\/wp\/v2\/product\/3946"}],"collection":[{"href":"https:\/\/rollerski.ca\/fr\/wp-json\/wp\/v2\/product"}],"about":[{"href":"https:\/\/rollerski.ca\/fr\/wp-json\/wp\/v2\/types\/product"}],"replies":[{"embeddable":true,"href":"https:\/\/rollerski.ca\/fr\/wp-json\/wp\/v2\/comments?post=3946"}],"wp:featuredmedia":[{"embeddable":true,"href":"https:\/\/rollerski.ca\/fr\/wp-json\/wp\/v2\/media\/3960"}],"wp:attachment":[{"href":"https:\/\/rollerski.ca\/fr\/wp-json\/wp\/v2\/media?parent=3946"}],"wp:term":[{"taxonomy":"product_cat","embeddable":true,"href":"https:\/\/rollerski.ca\/fr\/wp-json\/wp\/v2\/product_cat?post=3946"},{"taxonomy":"product_tag","embeddable":true,"href":"https:\/\/rollerski.ca\/fr\/wp-json\/wp\/v2\/product_tag?post=3946"}],"curies":[{"name":"wp","href":"https:\/\/api.w.org\/{rel}","templated":true}]}}