{"id":3777,"date":"2023-07-17T21:40:48","date_gmt":"2023-07-18T01:40:48","guid":{"rendered":"https:\/\/rollerski.ca\/?post_type=product&#038;p=3777"},"modified":"2024-08-07T12:21:16","modified_gmt":"2024-08-07T16:21:16","slug":"chambre-a-air-6-25-pouces","status":"publish","type":"product","link":"https:\/\/rollerski.ca\/fr\/produit\/chambre-a-air-6-25-pouces\/","title":{"rendered":"Chambre \u00e0 air 6.25 pouces"},"content":{"rendered":"<span class=\"et_bloom_bottom_trigger\"><\/span>","protected":false},"excerpt":{"rendered":"<p>Chambre \u00e0 air de haute qualit\u00e9 6.25 pouce (150mm) avec valve de suret\u00e9 et capuchon pour les roues de 6.25 pouces.<\/p>\n","protected":false},"featured_media":3779,"comment_status":"open","ping_status":"closed","template":"","meta":[],"product_cat":[29,38],"product_tag":[],"_links":{"self":[{"href":"https:\/\/rollerski.ca\/fr\/wp-json\/wp\/v2\/product\/3777"}],"collection":[{"href":"https:\/\/rollerski.ca\/fr\/wp-json\/wp\/v2\/product"}],"about":[{"href":"https:\/\/rollerski.ca\/fr\/wp-json\/wp\/v2\/types\/product"}],"replies":[{"embeddable":true,"href":"https:\/\/rollerski.ca\/fr\/wp-json\/wp\/v2\/comments?post=3777"}],"wp:featuredmedia":[{"embeddable":true,"href":"https:\/\/rollerski.ca\/fr\/wp-json\/wp\/v2\/media\/3779"}],"wp:attachment":[{"href":"https:\/\/rollerski.ca\/fr\/wp-json\/wp\/v2\/media?parent=3777"}],"wp:term":[{"taxonomy":"product_cat","embeddable":true,"href":"https:\/\/rollerski.ca\/fr\/wp-json\/wp\/v2\/product_cat?post=3777"},{"taxonomy":"product_tag","embeddable":true,"href":"https:\/\/rollerski.ca\/fr\/wp-json\/wp\/v2\/product_tag?post=3777"}],"curies":[{"name":"wp","href":"https:\/\/api.w.org\/{rel}","templated":true}]}}