{"id":3716,"date":"2023-05-09T22:02:16","date_gmt":"2023-05-10T02:02:17","guid":{"rendered":"https:\/\/rollerski.ca\/?post_type=product&#038;p=3716"},"modified":"2023-05-09T22:05:29","modified_gmt":"2023-05-10T02:05:29","slug":"eload-hydratation-baie","status":"publish","type":"product","link":"https:\/\/rollerski.ca\/fr\/produit\/eload-hydratation-baie\/","title":{"rendered":"ELOAD Hydratation BAIE"},"content":{"rendered":"<p><strong>Description<\/strong><\/p>\n<p>Remplacement d&rsquo;\u00e9nergie et d&rsquo;\u00e9lectrolytes.<\/p>\n<p>Aide \u00e0 pr\u00e9venir les crampes musculaires dues \u00e0 la perte d&rsquo;\u00e9lectrolytes.<\/p>\n<p>Portion : 1 cuill\u00e8re : 1 oz. (30g)<\/p>\n<p>Portions par contenant\u00a0: 30<\/p>\n<p>Utilisation pour adulte sugg\u00e9r\u00e9e:<\/p>\n<p>Lors d&rsquo;une activit\u00e9 d&rsquo;endurance, ajouter 1 cuill\u00e8re rase dans 16 fl.oz. (500 ml) d&rsquo;eau.<\/p>\n<p>Agiter ou remuer pour dissoudre. Buvez au besoin pendant votre activit\u00e9 d&rsquo;endurance.<\/p>\n<p>Un litre d&rsquo;eLoad remplace les \u00e9lectrolytes perdus dans l&rsquo;effort par transpiration.<\/p>\n<span class=\"et_bloom_bottom_trigger\"><\/span>","protected":false},"excerpt":{"rendered":"<p>Pot de 900g, saveur de Baie.<\/p>\n<p>&nbsp;<\/p>\n","protected":false},"featured_media":3704,"comment_status":"open","ping_status":"closed","template":"","meta":[],"product_cat":[61],"product_tag":[],"_links":{"self":[{"href":"https:\/\/rollerski.ca\/fr\/wp-json\/wp\/v2\/product\/3716"}],"collection":[{"href":"https:\/\/rollerski.ca\/fr\/wp-json\/wp\/v2\/product"}],"about":[{"href":"https:\/\/rollerski.ca\/fr\/wp-json\/wp\/v2\/types\/product"}],"replies":[{"embeddable":true,"href":"https:\/\/rollerski.ca\/fr\/wp-json\/wp\/v2\/comments?post=3716"}],"wp:featuredmedia":[{"embeddable":true,"href":"https:\/\/rollerski.ca\/fr\/wp-json\/wp\/v2\/media\/3704"}],"wp:attachment":[{"href":"https:\/\/rollerski.ca\/fr\/wp-json\/wp\/v2\/media?parent=3716"}],"wp:term":[{"taxonomy":"product_cat","embeddable":true,"href":"https:\/\/rollerski.ca\/fr\/wp-json\/wp\/v2\/product_cat?post=3716"},{"taxonomy":"product_tag","embeddable":true,"href":"https:\/\/rollerski.ca\/fr\/wp-json\/wp\/v2\/product_tag?post=3716"}],"curies":[{"name":"wp","href":"https:\/\/api.w.org\/{rel}","templated":true}]}}