{"id":3600,"date":"2023-01-29T06:28:45","date_gmt":"2023-01-29T11:28:45","guid":{"rendered":"https:\/\/rollerski.ca\/?post_type=product&#038;p=3600"},"modified":"2023-01-29T06:41:27","modified_gmt":"2023-01-29T11:41:27","slug":"axe-de-blocage-pour-roues","status":"publish","type":"product","link":"https:\/\/rollerski.ca\/fr\/produit\/axe-de-blocage-pour-roues\/","title":{"rendered":"Axe de blocage pour roues"},"content":{"rendered":"<p id=\"tw-target-text\" class=\"tw-data-text tw-text-large tw-ta\" dir=\"ltr\" data-placeholder=\"Traduction\"><span class=\"Y2IQFc\" lang=\"fr\">Axe de blocage qui permet de changer les roues avant et arri\u00e8re des skis \u00e0 roulettes Skike de mani\u00e8re simple et rapide. Des \u00e9l\u00e9ments de serrage de haute qualit\u00e9 et un choix fiable de mat\u00e9riaux garantissent une prise solide dans toutes les situations.<br \/>\n<\/span><\/p>\n<span class=\"et_bloom_bottom_trigger\"><\/span>","protected":false},"excerpt":{"rendered":"<p id=\"tw-target-text\" class=\"tw-data-text tw-text-large tw-ta\" dir=\"ltr\" data-placeholder=\"Traduction\"><span class=\"Y2IQFc\" lang=\"fr\">Couleur: noire<\/span><\/p>\n<p class=\"tw-data-text tw-text-large tw-ta\" dir=\"ltr\" data-placeholder=\"Traduction\"><span class=\"Y2IQFc\" lang=\"fr\">Mat\u00e9riau: Aluminium<\/span><\/p>\n<p class=\"tw-data-text tw-text-large tw-ta\" dir=\"ltr\" data-placeholder=\"Traduction\"><span class=\"Y2IQFc\" lang=\"fr\">Poids : 50 grammes<\/span><\/p>\n<p class=\"tw-data-text tw-text-large tw-ta\" dir=\"ltr\" data-placeholder=\"Traduction\"><span class=\"Y2IQFc\" lang=\"fr\">Dimensions : 9,0 x 2,0 x 7,0 cm<\/span><\/p>\n<p class=\"tw-data-text tw-text-large tw-ta\" dir=\"ltr\" data-placeholder=\"Traduction\"><span class=\"Y2IQFc\" lang=\"fr\">COMPATIBILIT\u00c9<\/span><\/p>\n<p dir=\"ltr\" data-placeholder=\"Traduction\">V7 PLUS PRO<\/p>\n<p dir=\"ltr\" data-placeholder=\"Traduction\">Anciens mod\u00e8les: V8, V7, V07 et R8<\/p>\n","protected":false},"featured_media":3596,"comment_status":"open","ping_status":"closed","template":"","meta":[],"product_cat":[29,38],"product_tag":[],"_links":{"self":[{"href":"https:\/\/rollerski.ca\/fr\/wp-json\/wp\/v2\/product\/3600"}],"collection":[{"href":"https:\/\/rollerski.ca\/fr\/wp-json\/wp\/v2\/product"}],"about":[{"href":"https:\/\/rollerski.ca\/fr\/wp-json\/wp\/v2\/types\/product"}],"replies":[{"embeddable":true,"href":"https:\/\/rollerski.ca\/fr\/wp-json\/wp\/v2\/comments?post=3600"}],"wp:featuredmedia":[{"embeddable":true,"href":"https:\/\/rollerski.ca\/fr\/wp-json\/wp\/v2\/media\/3596"}],"wp:attachment":[{"href":"https:\/\/rollerski.ca\/fr\/wp-json\/wp\/v2\/media?parent=3600"}],"wp:term":[{"taxonomy":"product_cat","embeddable":true,"href":"https:\/\/rollerski.ca\/fr\/wp-json\/wp\/v2\/product_cat?post=3600"},{"taxonomy":"product_tag","embeddable":true,"href":"https:\/\/rollerski.ca\/fr\/wp-json\/wp\/v2\/product_tag?post=3600"}],"curies":[{"name":"wp","href":"https:\/\/api.w.org\/{rel}","templated":true}]}}