{"id":3594,"date":"2023-01-29T06:07:47","date_gmt":"2023-01-29T11:07:48","guid":{"rendered":"https:\/\/rollerski.ca\/?post_type=product&#038;p=3594"},"modified":"2023-01-29T06:28:03","modified_gmt":"2023-01-29T11:28:03","slug":"axe-de-blocage-pour-mollet","status":"publish","type":"product","link":"https:\/\/rollerski.ca\/fr\/produit\/axe-de-blocage-pour-mollet\/","title":{"rendered":"Axe de blocage pour mollet"},"content":{"rendered":"<p id=\"tw-target-text\" class=\"tw-data-text tw-text-large tw-ta\" dir=\"ltr\" data-placeholder=\"Traduction\"><span class=\"Y2IQFc\" lang=\"fr\">Rapide et facile. Des \u00e9l\u00e9ments de serrage de haute qualit\u00e9 pour la partie mollet des skis \u00e0 roulettes Skike, assurent une prise solide dans toutes les situations.<\/span><\/p>\n<span class=\"et_bloom_bottom_trigger\"><\/span>","protected":false},"excerpt":{"rendered":"<div class=\"ki ass cf1 fww\">\n<div class=\"p10\">\n<div class=\"w100 fl tac th\">\n<ul>\n<li>Couleur: noir<\/li>\n<li>Mat\u00e9riau: Aluminium<\/li>\n<li>Poids: 28 g<\/li>\n<li>Dimensions: 7.5 x 2.0 x 5.5 cm<\/li>\n<li>\u00d8: 2.8 cm<\/li>\n<\/ul>\n<\/div>\n<\/div>\n<div class=\"p10\">\n<div class=\"w100 fl tac th\">\n<h4 class=\"ki ass cf1 til bgc20 fs11e rob7 ls1 tb\">COMPATIBILIT\u00c9<\/h4>\n<div class=\"ki ass cf1 fdc bgw30\">\n<div class=\"dfb p10 bgw30 fww w100\">\n<div class=\"dfb cntr cf1\">\n<div class=\"w90 fl wx tal\">\n<ul>\n<li>v9 FIRE 150, v9 FIRE 200, v9 TOUR 150, v9 TOUR 200<\/li>\n<li>v7 PLUS PRO<\/li>\n<\/ul>\n<\/div>\n<\/div>\n<\/div>\n<\/div>\n<\/div>\n<\/div>\n<\/div>\n","protected":false},"featured_media":3598,"comment_status":"open","ping_status":"closed","template":"","meta":[],"product_cat":[29,38],"product_tag":[],"_links":{"self":[{"href":"https:\/\/rollerski.ca\/fr\/wp-json\/wp\/v2\/product\/3594"}],"collection":[{"href":"https:\/\/rollerski.ca\/fr\/wp-json\/wp\/v2\/product"}],"about":[{"href":"https:\/\/rollerski.ca\/fr\/wp-json\/wp\/v2\/types\/product"}],"replies":[{"embeddable":true,"href":"https:\/\/rollerski.ca\/fr\/wp-json\/wp\/v2\/comments?post=3594"}],"wp:featuredmedia":[{"embeddable":true,"href":"https:\/\/rollerski.ca\/fr\/wp-json\/wp\/v2\/media\/3598"}],"wp:attachment":[{"href":"https:\/\/rollerski.ca\/fr\/wp-json\/wp\/v2\/media?parent=3594"}],"wp:term":[{"taxonomy":"product_cat","embeddable":true,"href":"https:\/\/rollerski.ca\/fr\/wp-json\/wp\/v2\/product_cat?post=3594"},{"taxonomy":"product_tag","embeddable":true,"href":"https:\/\/rollerski.ca\/fr\/wp-json\/wp\/v2\/product_tag?post=3594"}],"curies":[{"name":"wp","href":"https:\/\/api.w.org\/{rel}","templated":true}]}}