{"id":3140,"date":"2022-08-03T11:38:02","date_gmt":"2022-08-03T15:38:02","guid":{"rendered":"https:\/\/rollerski.ca\/?post_type=product&#038;p=3140"},"modified":"2022-08-03T11:49:03","modified_gmt":"2022-08-03T15:49:03","slug":"sac-de-transport-pour-rollerskis","status":"publish","type":"product","link":"https:\/\/rollerski.ca\/fr\/produit\/sac-de-transport-pour-rollerskis\/","title":{"rendered":"Sac de transport pour Rollerskis"},"content":{"rendered":"<span class=\"et_bloom_bottom_trigger\"><\/span>","protected":false},"excerpt":{"rendered":"<p>NOUVEAUT\u00c9<\/p>\n<p>Sac de transport pour tous nos mod\u00e8les de rollerskis.<\/p>\n<p>Tissus extr\u00eamement r\u00e9sistant avec poign\u00e9e et courroie ergonomiques.<\/p>\n<p>Fabriqu\u00e9 en Allemagne. Couleur : noir<\/p>\n","protected":false},"featured_media":3142,"comment_status":"open","ping_status":"closed","template":"","meta":[],"product_cat":[29],"product_tag":[],"_links":{"self":[{"href":"https:\/\/rollerski.ca\/fr\/wp-json\/wp\/v2\/product\/3140"}],"collection":[{"href":"https:\/\/rollerski.ca\/fr\/wp-json\/wp\/v2\/product"}],"about":[{"href":"https:\/\/rollerski.ca\/fr\/wp-json\/wp\/v2\/types\/product"}],"replies":[{"embeddable":true,"href":"https:\/\/rollerski.ca\/fr\/wp-json\/wp\/v2\/comments?post=3140"}],"wp:featuredmedia":[{"embeddable":true,"href":"https:\/\/rollerski.ca\/fr\/wp-json\/wp\/v2\/media\/3142"}],"wp:attachment":[{"href":"https:\/\/rollerski.ca\/fr\/wp-json\/wp\/v2\/media?parent=3140"}],"wp:term":[{"taxonomy":"product_cat","embeddable":true,"href":"https:\/\/rollerski.ca\/fr\/wp-json\/wp\/v2\/product_cat?post=3140"},{"taxonomy":"product_tag","embeddable":true,"href":"https:\/\/rollerski.ca\/fr\/wp-json\/wp\/v2\/product_tag?post=3140"}],"curies":[{"name":"wp","href":"https:\/\/api.w.org\/{rel}","templated":true}]}}