{"id":3126,"date":"2022-07-29T14:19:37","date_gmt":"2022-07-29T18:19:38","guid":{"rendered":"https:\/\/rollerski.ca\/?post_type=product&#038;p=3126"},"modified":"2022-08-01T14:38:18","modified_gmt":"2022-08-01T18:38:18","slug":"location-de-kayak-4h-sortie-autonome","status":"publish","type":"product","link":"https:\/\/rollerski.ca\/fr\/produit\/location-de-kayak-4h-sortie-autonome\/","title":{"rendered":"Location de Kayak 4h Sortie autonome"},"content":{"rendered":"<span class=\"et_bloom_bottom_trigger\"><\/span>","protected":false},"excerpt":{"rendered":"<p>&nbsp;<\/p>\n<p>Nouveau produit en location, osez l&rsquo;essayer!<\/p>\n<p>Vous serez assit\u00e9s pour l\u2019ajustement de l\u2019\u00e9quipement seulement, vous \u00eates autonomes pour la dur\u00e9e de la sortie.<\/p>\n<p>Pour un groupe de 5 personnes et plus, merci de\u00a0<a href=\"https:\/\/rollerski.ca\/fr\/nous-joindre\/\">nous contacter<\/a>.<\/p>\n","protected":false},"featured_media":2876,"comment_status":"open","ping_status":"closed","template":"","meta":[],"product_cat":[109],"product_tag":[],"_links":{"self":[{"href":"https:\/\/rollerski.ca\/fr\/wp-json\/wp\/v2\/product\/3126"}],"collection":[{"href":"https:\/\/rollerski.ca\/fr\/wp-json\/wp\/v2\/product"}],"about":[{"href":"https:\/\/rollerski.ca\/fr\/wp-json\/wp\/v2\/types\/product"}],"replies":[{"embeddable":true,"href":"https:\/\/rollerski.ca\/fr\/wp-json\/wp\/v2\/comments?post=3126"}],"wp:featuredmedia":[{"embeddable":true,"href":"https:\/\/rollerski.ca\/fr\/wp-json\/wp\/v2\/media\/2876"}],"wp:attachment":[{"href":"https:\/\/rollerski.ca\/fr\/wp-json\/wp\/v2\/media?parent=3126"}],"wp:term":[{"taxonomy":"product_cat","embeddable":true,"href":"https:\/\/rollerski.ca\/fr\/wp-json\/wp\/v2\/product_cat?post=3126"},{"taxonomy":"product_tag","embeddable":true,"href":"https:\/\/rollerski.ca\/fr\/wp-json\/wp\/v2\/product_tag?post=3126"}],"curies":[{"name":"wp","href":"https:\/\/api.w.org\/{rel}","templated":true}]}}