{"id":3120,"date":"2022-07-29T13:23:57","date_gmt":"2022-07-29T17:23:58","guid":{"rendered":"https:\/\/rollerski.ca\/?post_type=product&#038;p=3120"},"modified":"2022-08-01T14:35:35","modified_gmt":"2022-08-01T18:35:35","slug":"location-de-kayak-2h-sortie-autonome","status":"publish","type":"product","link":"https:\/\/rollerski.ca\/fr\/produit\/location-de-kayak-2h-sortie-autonome\/","title":{"rendered":"Location de Kayak 2h Sortie autonome"},"content":{"rendered":"<span class=\"et_bloom_bottom_trigger\"><\/span>","protected":false},"excerpt":{"rendered":"<p>&nbsp;<\/p>\n<p>Nouveau produit en location, osez l\u2019essayer!<\/p>\n<p>Vous serez assit\u00e9s pour l\u2019ajustement de l\u2019\u00e9quipement seulement, vous \u00eates autonomes pour la dur\u00e9e de la sortie.<\/p>\n<p>Pour un groupe de 5 personnes et plus, merci de\u00a0<a href=\"https:\/\/rollerski.ca\/fr\/nous-joindre\/\">nous contacter<\/a>.<\/p>\n","protected":false},"featured_media":2876,"comment_status":"open","ping_status":"closed","template":"","meta":[],"product_cat":[109],"product_tag":[],"_links":{"self":[{"href":"https:\/\/rollerski.ca\/fr\/wp-json\/wp\/v2\/product\/3120"}],"collection":[{"href":"https:\/\/rollerski.ca\/fr\/wp-json\/wp\/v2\/product"}],"about":[{"href":"https:\/\/rollerski.ca\/fr\/wp-json\/wp\/v2\/types\/product"}],"replies":[{"embeddable":true,"href":"https:\/\/rollerski.ca\/fr\/wp-json\/wp\/v2\/comments?post=3120"}],"wp:featuredmedia":[{"embeddable":true,"href":"https:\/\/rollerski.ca\/fr\/wp-json\/wp\/v2\/media\/2876"}],"wp:attachment":[{"href":"https:\/\/rollerski.ca\/fr\/wp-json\/wp\/v2\/media?parent=3120"}],"wp:term":[{"taxonomy":"product_cat","embeddable":true,"href":"https:\/\/rollerski.ca\/fr\/wp-json\/wp\/v2\/product_cat?post=3120"},{"taxonomy":"product_tag","embeddable":true,"href":"https:\/\/rollerski.ca\/fr\/wp-json\/wp\/v2\/product_tag?post=3120"}],"curies":[{"name":"wp","href":"https:\/\/api.w.org\/{rel}","templated":true}]}}