{"id":3118,"date":"2022-07-29T13:09:43","date_gmt":"2022-07-29T17:09:44","guid":{"rendered":"https:\/\/rollerski.ca\/?post_type=product&#038;p=3118"},"modified":"2022-08-01T14:18:16","modified_gmt":"2022-08-01T18:18:16","slug":"location-de-planche-a-pagaie-2h-sortie-autonome","status":"publish","type":"product","link":"https:\/\/rollerski.ca\/fr\/produit\/location-de-planche-a-pagaie-2h-sortie-autonome\/","title":{"rendered":"Location de Planche \u00e0 pagaie 2h Sortie autonome"},"content":{"rendered":"<span class=\"et_bloom_bottom_trigger\"><\/span>","protected":false},"excerpt":{"rendered":"<p>&nbsp;<\/p>\n<p>Nouveau produit en location, osez l\u2019essayer!<\/p>\n<p>Vous serez assit\u00e9s pour l\u2019ajustement de l\u2019\u00e9quipement seulement, vous \u00eates autonomes pour la dur\u00e9e de la sortie.<\/p>\n<p>Pour un groupe de 5 personnes et plus, merci de\u00a0<a href=\"https:\/\/rollerski.ca\/fr\/nous-joindre\/\">nous contacter<\/a>.<\/p>\n","protected":false},"featured_media":2988,"comment_status":"open","ping_status":"closed","template":"","meta":[],"product_cat":[109],"product_tag":[],"_links":{"self":[{"href":"https:\/\/rollerski.ca\/fr\/wp-json\/wp\/v2\/product\/3118"}],"collection":[{"href":"https:\/\/rollerski.ca\/fr\/wp-json\/wp\/v2\/product"}],"about":[{"href":"https:\/\/rollerski.ca\/fr\/wp-json\/wp\/v2\/types\/product"}],"replies":[{"embeddable":true,"href":"https:\/\/rollerski.ca\/fr\/wp-json\/wp\/v2\/comments?post=3118"}],"wp:featuredmedia":[{"embeddable":true,"href":"https:\/\/rollerski.ca\/fr\/wp-json\/wp\/v2\/media\/2988"}],"wp:attachment":[{"href":"https:\/\/rollerski.ca\/fr\/wp-json\/wp\/v2\/media?parent=3118"}],"wp:term":[{"taxonomy":"product_cat","embeddable":true,"href":"https:\/\/rollerski.ca\/fr\/wp-json\/wp\/v2\/product_cat?post=3118"},{"taxonomy":"product_tag","embeddable":true,"href":"https:\/\/rollerski.ca\/fr\/wp-json\/wp\/v2\/product_tag?post=3118"}],"curies":[{"name":"wp","href":"https:\/\/api.w.org\/{rel}","templated":true}]}}