{"id":3046,"date":"2022-07-26T11:34:52","date_gmt":"2022-07-26T15:34:52","guid":{"rendered":"https:\/\/rollerski.ca\/?post_type=product&#038;p=3046"},"modified":"2022-08-01T13:34:29","modified_gmt":"2022-08-01T17:34:29","slug":"location-de-rollerskis-et-batons-2h-sortie-autonome","status":"publish","type":"product","link":"https:\/\/rollerski.ca\/fr\/produit\/location-de-rollerskis-et-batons-2h-sortie-autonome\/","title":{"rendered":"Location de Rollerskis et B\u00e2tons 2h Sortie autonome"},"content":{"rendered":"<p>&nbsp;<\/p>\n<p>&nbsp;<\/p>\n<span class=\"et_bloom_bottom_trigger\"><\/span>","protected":false},"excerpt":{"rendered":"<p>&nbsp;<\/p>\n<p>Nouveau produit en location, osez l&rsquo;essayer!<\/p>\n<p>Vous serez assit\u00e9s pour l&rsquo;ajustement de l&rsquo;\u00e9quipement seulement, vous \u00eates autonomes pour la dur\u00e9e de la sortie.<\/p>\n<p>Pour un groupe de 5 personnes et plus, merci de\u00a0<a href=\"https:\/\/rollerski.ca\/fr\/nous-joindre\/\">nous contacter<\/a>.<\/p>\n","protected":false},"featured_media":3042,"comment_status":"open","ping_status":"closed","template":"","meta":[],"product_cat":[109],"product_tag":[],"_links":{"self":[{"href":"https:\/\/rollerski.ca\/fr\/wp-json\/wp\/v2\/product\/3046"}],"collection":[{"href":"https:\/\/rollerski.ca\/fr\/wp-json\/wp\/v2\/product"}],"about":[{"href":"https:\/\/rollerski.ca\/fr\/wp-json\/wp\/v2\/types\/product"}],"replies":[{"embeddable":true,"href":"https:\/\/rollerski.ca\/fr\/wp-json\/wp\/v2\/comments?post=3046"}],"wp:featuredmedia":[{"embeddable":true,"href":"https:\/\/rollerski.ca\/fr\/wp-json\/wp\/v2\/media\/3042"}],"wp:attachment":[{"href":"https:\/\/rollerski.ca\/fr\/wp-json\/wp\/v2\/media?parent=3046"}],"wp:term":[{"taxonomy":"product_cat","embeddable":true,"href":"https:\/\/rollerski.ca\/fr\/wp-json\/wp\/v2\/product_cat?post=3046"},{"taxonomy":"product_tag","embeddable":true,"href":"https:\/\/rollerski.ca\/fr\/wp-json\/wp\/v2\/product_tag?post=3046"}],"curies":[{"name":"wp","href":"https:\/\/api.w.org\/{rel}","templated":true}]}}