{"id":3022,"date":"2022-07-15T09:24:03","date_gmt":"2022-07-15T13:24:03","guid":{"rendered":"https:\/\/rollerski.ca\/?post_type=product&#038;p=3022"},"modified":"2024-10-29T20:25:53","modified_gmt":"2024-10-30T00:25:53","slug":"skike-v9-tour-200-usages-3","status":"publish","type":"product","link":"https:\/\/rollerski.ca\/fr\/produit\/skike-v9-tour-200-usages-3\/","title":{"rendered":"Skike V9 TOUR 200 USAG\u00c9S"},"content":{"rendered":"<p><span style=\"color: #000080;\"><strong>L\u00e9g\u00e8rement usag\u00e9s, excellent \u00e9tat.<\/strong><\/span><\/p>\n<div style=\"margin-right: 40px; float: left;\">\n<ul>\n<li>Usage tout terrain et sur la route<\/li>\n<li>Style classique (en pas alternatif)<\/li>\n<li>Style skating (en pas du patineur)<\/li>\n<li>R\u00e9glage individuel des jambes<\/li>\n<li>Doux aux chevilles<\/li>\n<li>Utilisable avec ses propres chaussures<\/li>\n<li>Fonction Heel Lift<\/li>\n<li>Alliage d&rsquo;aluminium sp\u00e9cial<\/li>\n<li>Plastique Haute Performance<\/li>\n<li>Technologie Skike Multi<\/li>\n<\/ul>\n<\/div>\n<div style=\"margin-right: 40px; float: left;\">\n<ul>\n<li>Freins fiables<\/li>\n<li>Fonction lever du talon s\u00e9lectionnable<\/li>\n<li>El\u00e9ments r\u00e9fl\u00e9chissants<\/li>\n<li>Jante 12 rayons<\/li>\n<li>Roues de 8 pouces ( \u2205 20 cm)<\/li>\n<li>Roulements ABEC 7<\/li>\n<li>Roues pneumatiques<\/li>\n<li>Syst\u00e8me anti-recul sur 2 roues<\/li>\n<li>Pneus Major Grip<\/li>\n<\/ul>\n<\/div>\n<div style=\"clear: both;\"><a href=\"https:\/\/rollerski.ca\/skike-v9-product-line\/\">Voir la brochure<\/a><\/div>\n<span class=\"et_bloom_bottom_trigger\"><\/span>","protected":false},"excerpt":{"rendered":"<p>L\u00e9g\u00e8rement usag\u00e9s, excellent \u00e9tat.<\/p>\n","protected":false},"featured_media":982,"comment_status":"open","ping_status":"closed","template":"","meta":[],"product_cat":[28,79],"product_tag":[],"_links":{"self":[{"href":"https:\/\/rollerski.ca\/fr\/wp-json\/wp\/v2\/product\/3022"}],"collection":[{"href":"https:\/\/rollerski.ca\/fr\/wp-json\/wp\/v2\/product"}],"about":[{"href":"https:\/\/rollerski.ca\/fr\/wp-json\/wp\/v2\/types\/product"}],"replies":[{"embeddable":true,"href":"https:\/\/rollerski.ca\/fr\/wp-json\/wp\/v2\/comments?post=3022"}],"wp:featuredmedia":[{"embeddable":true,"href":"https:\/\/rollerski.ca\/fr\/wp-json\/wp\/v2\/media\/982"}],"wp:attachment":[{"href":"https:\/\/rollerski.ca\/fr\/wp-json\/wp\/v2\/media?parent=3022"}],"wp:term":[{"taxonomy":"product_cat","embeddable":true,"href":"https:\/\/rollerski.ca\/fr\/wp-json\/wp\/v2\/product_cat?post=3022"},{"taxonomy":"product_tag","embeddable":true,"href":"https:\/\/rollerski.ca\/fr\/wp-json\/wp\/v2\/product_tag?post=3022"}],"curies":[{"name":"wp","href":"https:\/\/api.w.org\/{rel}","templated":true}]}}