{"id":2768,"date":"2022-04-30T12:33:11","date_gmt":"2022-05-06T12:27:49","guid":{"rendered":"https:\/\/rollerski.ca\/?post_type=product&#038;p=2768"},"modified":"2022-05-12T20:34:31","modified_gmt":"2022-05-13T00:34:31","slug":"rollerski-planche-a-pagaie-ou-kayak-activites-exterieures-dans-les-laurentides","status":"publish","type":"product","link":"https:\/\/rollerski.ca\/fr\/produit\/rollerski-planche-a-pagaie-ou-kayak-activites-exterieures-dans-les-laurentides\/","title":{"rendered":"Rollerski + Planche \u00e0 pagaie ou Kayak &#8211; Activit\u00e9s ext\u00e9rieures dans les Laurentides"},"content":{"rendered":"<span class=\"et_bloom_bottom_trigger\"><\/span>","protected":false},"excerpt":{"rendered":"","protected":false},"featured_media":2872,"comment_status":"open","ping_status":"closed","template":"","meta":[],"product_cat":[104],"product_tag":[],"_links":{"self":[{"href":"https:\/\/rollerski.ca\/fr\/wp-json\/wp\/v2\/product\/2768"}],"collection":[{"href":"https:\/\/rollerski.ca\/fr\/wp-json\/wp\/v2\/product"}],"about":[{"href":"https:\/\/rollerski.ca\/fr\/wp-json\/wp\/v2\/types\/product"}],"replies":[{"embeddable":true,"href":"https:\/\/rollerski.ca\/fr\/wp-json\/wp\/v2\/comments?post=2768"}],"wp:featuredmedia":[{"embeddable":true,"href":"https:\/\/rollerski.ca\/fr\/wp-json\/wp\/v2\/media\/2872"}],"wp:attachment":[{"href":"https:\/\/rollerski.ca\/fr\/wp-json\/wp\/v2\/media?parent=2768"}],"wp:term":[{"taxonomy":"product_cat","embeddable":true,"href":"https:\/\/rollerski.ca\/fr\/wp-json\/wp\/v2\/product_cat?post=2768"},{"taxonomy":"product_tag","embeddable":true,"href":"https:\/\/rollerski.ca\/fr\/wp-json\/wp\/v2\/product_tag?post=2768"}],"curies":[{"name":"wp","href":"https:\/\/api.w.org\/{rel}","templated":true}]}}