{"id":2211,"date":"2021-12-20T21:34:07","date_gmt":"2021-12-29T17:46:00","guid":{"rendered":"https:\/\/rollerski.ca\/?post_type=product&#038;p=2211"},"modified":"2021-12-29T12:46:00","modified_gmt":"2021-12-29T17:46:00","slug":"legging-court-avec-poche-collection-rollerwave","status":"publish","type":"product","link":"https:\/\/rollerski.ca\/fr\/produit\/legging-court-avec-poche-collection-rollerwave\/","title":{"rendered":"Legging court avec poche COLLECTION ROLLERWAVE"},"content":{"rendered":"<span class=\"et_bloom_bottom_trigger\"><\/span>","protected":false},"excerpt":{"rendered":"<ul>\n<li>Taille haute<\/li>\n<li>Poche sur le c\u00f4t\u00e9<\/li>\n<li>100 % recycl\u00e9 et plus \u00e9pais afin d&rsquo;\u00e9viter la transparence<\/li>\n<li>100% polyester<\/li>\n<li>Conception et fabrication 100% qu\u00e9b\u00e9coise<\/li>\n<li>Impression haute qualit\u00e9 en sublimation<\/li>\n<li>Tr\u00e8s ajust\u00e9<\/li>\n<li>Confort assur\u00e9!<\/li>\n<\/ul>\n","protected":false},"featured_media":2119,"comment_status":"open","ping_status":"closed","template":"","meta":[],"product_cat":[81],"product_tag":[],"_links":{"self":[{"href":"https:\/\/rollerski.ca\/fr\/wp-json\/wp\/v2\/product\/2211"}],"collection":[{"href":"https:\/\/rollerski.ca\/fr\/wp-json\/wp\/v2\/product"}],"about":[{"href":"https:\/\/rollerski.ca\/fr\/wp-json\/wp\/v2\/types\/product"}],"replies":[{"embeddable":true,"href":"https:\/\/rollerski.ca\/fr\/wp-json\/wp\/v2\/comments?post=2211"}],"wp:featuredmedia":[{"embeddable":true,"href":"https:\/\/rollerski.ca\/fr\/wp-json\/wp\/v2\/media\/2119"}],"wp:attachment":[{"href":"https:\/\/rollerski.ca\/fr\/wp-json\/wp\/v2\/media?parent=2211"}],"wp:term":[{"taxonomy":"product_cat","embeddable":true,"href":"https:\/\/rollerski.ca\/fr\/wp-json\/wp\/v2\/product_cat?post=2211"},{"taxonomy":"product_tag","embeddable":true,"href":"https:\/\/rollerski.ca\/fr\/wp-json\/wp\/v2\/product_tag?post=2211"}],"curies":[{"name":"wp","href":"https:\/\/api.w.org\/{rel}","templated":true}]}}