{"id":2209,"date":"2021-12-20T21:45:37","date_gmt":"2021-12-29T17:31:40","guid":{"rendered":"https:\/\/rollerski.ca\/?post_type=product&#038;p=2209"},"modified":"2021-12-29T12:31:40","modified_gmt":"2021-12-29T17:31:40","slug":"tuque-reversible-collection-inspiration","status":"publish","type":"product","link":"https:\/\/rollerski.ca\/fr\/produit\/tuque-reversible-collection-inspiration\/","title":{"rendered":"Tuque r\u00e9versible COLLECTION INSPIRATION"},"content":{"rendered":"<span class=\"et_bloom_bottom_trigger\"><\/span>","protected":false},"excerpt":{"rendered":"<ul>\n<li>Tuque sportive l\u00e9g\u00e8re<\/li>\n<li>R\u00e9versible<\/li>\n<li>Taille unique<\/li>\n<li>100% polyester doux<\/li>\n<li>Conception et fabrication 100% qu\u00e9b\u00e9coise.<\/li>\n<li>Impression haute qualit\u00e9 en sublimation<\/li>\n<li>1 c\u00f4t\u00e9 Rollerski &amp; 1 c\u00f4t\u00e9 noir<\/li>\n<\/ul>\n","protected":false},"featured_media":2147,"comment_status":"open","ping_status":"closed","template":"","meta":[],"product_cat":[81],"product_tag":[],"_links":{"self":[{"href":"https:\/\/rollerski.ca\/fr\/wp-json\/wp\/v2\/product\/2209"}],"collection":[{"href":"https:\/\/rollerski.ca\/fr\/wp-json\/wp\/v2\/product"}],"about":[{"href":"https:\/\/rollerski.ca\/fr\/wp-json\/wp\/v2\/types\/product"}],"replies":[{"embeddable":true,"href":"https:\/\/rollerski.ca\/fr\/wp-json\/wp\/v2\/comments?post=2209"}],"wp:featuredmedia":[{"embeddable":true,"href":"https:\/\/rollerski.ca\/fr\/wp-json\/wp\/v2\/media\/2147"}],"wp:attachment":[{"href":"https:\/\/rollerski.ca\/fr\/wp-json\/wp\/v2\/media?parent=2209"}],"wp:term":[{"taxonomy":"product_cat","embeddable":true,"href":"https:\/\/rollerski.ca\/fr\/wp-json\/wp\/v2\/product_cat?post=2209"},{"taxonomy":"product_tag","embeddable":true,"href":"https:\/\/rollerski.ca\/fr\/wp-json\/wp\/v2\/product_tag?post=2209"}],"curies":[{"name":"wp","href":"https:\/\/api.w.org\/{rel}","templated":true}]}}