{"id":2085,"date":"2021-12-14T10:36:47","date_gmt":"2021-12-14T15:36:47","guid":{"rendered":"https:\/\/rollerski.ca\/?post_type=product&#038;p=2085"},"modified":"2021-12-15T15:57:19","modified_gmt":"2021-12-15T20:57:19","slug":"srb-xrs02","status":"publish","type":"product","link":"https:\/\/rollerski.ca\/fr\/produit\/srb-xrs02\/","title":{"rendered":"SRB XRS02"},"content":{"rendered":"<p>-d\u00e9tails en anglais seulement-<\/p>\n<p>Product details SRB XRS02 Rollerskis<\/p>\n<ul>\n<li>made for rollerskiing with ones own boots, shoes or sandals<\/li>\n<li>material frame: aluminum with SRB patented flex technology<\/li>\n<li>fixing of the footwear by high quality ratchet buckles<\/li>\n<li>one brake on each rollerski<\/li>\n<li>brake pad made out of metal<\/li>\n<li>space ground-frame: 60mm<\/li>\n<li>coat: Primo Alpha Lite<\/li>\n<li>rim: made out of plastic<\/li>\n<li>size wheels: 200mm x 50mm<\/li>\n<li>valve: 3.5bar pressure<\/li>\n<li>color: blue\/black<\/li>\n<li>made in Germany<\/li>\n<\/ul>\n<span class=\"et_bloom_bottom_trigger\"><\/span>","protected":false},"excerpt":{"rendered":"<p><span style=\"font-size: 20px; color: #fe0000; font-weight: bold;\">Livraison gratuite partout au Canada!<\/span><\/p>\n<p>Ski \u00e0 roulettes XRS02 COMME NEUFS de la compagnie SRB (Allemagne) est tout terrain (poussi\u00e8re de roche, gravier, sentier, sable dur \u00e0 la plage), avec des roues pneumatiques de 150 mm, pour les pointures allant jusqu\u2019\u00e0 44 ou 10 US.<\/p>\n","protected":false},"featured_media":2087,"comment_status":"open","ping_status":"closed","template":"","meta":[],"product_cat":[28,79],"product_tag":[],"_links":{"self":[{"href":"https:\/\/rollerski.ca\/fr\/wp-json\/wp\/v2\/product\/2085"}],"collection":[{"href":"https:\/\/rollerski.ca\/fr\/wp-json\/wp\/v2\/product"}],"about":[{"href":"https:\/\/rollerski.ca\/fr\/wp-json\/wp\/v2\/types\/product"}],"replies":[{"embeddable":true,"href":"https:\/\/rollerski.ca\/fr\/wp-json\/wp\/v2\/comments?post=2085"}],"wp:featuredmedia":[{"embeddable":true,"href":"https:\/\/rollerski.ca\/fr\/wp-json\/wp\/v2\/media\/2087"}],"wp:attachment":[{"href":"https:\/\/rollerski.ca\/fr\/wp-json\/wp\/v2\/media?parent=2085"}],"wp:term":[{"taxonomy":"product_cat","embeddable":true,"href":"https:\/\/rollerski.ca\/fr\/wp-json\/wp\/v2\/product_cat?post=2085"},{"taxonomy":"product_tag","embeddable":true,"href":"https:\/\/rollerski.ca\/fr\/wp-json\/wp\/v2\/product_tag?post=2085"}],"curies":[{"name":"wp","href":"https:\/\/api.w.org\/{rel}","templated":true}]}}