{"id":1885,"date":"2021-09-02T14:53:20","date_gmt":"2021-09-02T18:53:21","guid":{"rendered":"https:\/\/rollerski.ca\/?post_type=product&#038;p=1885"},"modified":"2021-09-02T21:27:31","modified_gmt":"2021-09-03T01:27:31","slug":"coussinet-pour-sangle-skike","status":"publish","type":"product","link":"https:\/\/rollerski.ca\/fr\/produit\/coussinet-pour-sangle-skike\/","title":{"rendered":"Coussinet pour sangle Skike"},"content":{"rendered":"<p>1 coussinet, doux et comfortable, qui se fixe \u00e0 toutes les sangles des mod\u00e8les Skike: mollet et pied (avant et arri\u00e8re).<\/p>\n<span class=\"et_bloom_bottom_trigger\"><\/span>","protected":false},"excerpt":{"rendered":"<p>Coussinet en tissu synth\u00e9tique, doux et confortable, facile \u00e0 fixer et enlever gr\u00e2ce au Velcro, facile \u00e0 nettoyer, compatible avec toutes les sangles des mod\u00e8les Skike: mollet et pied (avant et arri\u00e8re).<\/p>\n<ul>\n<li>Lavable<\/li>\n<li>Tissus r\u00e9sistant de haute qualit\u00e9<\/li>\n<li>Dimensions: 19x1x10 cm<\/li>\n<\/ul>\n","protected":false},"featured_media":1887,"comment_status":"open","ping_status":"closed","template":"","meta":[],"product_cat":[29],"product_tag":[],"_links":{"self":[{"href":"https:\/\/rollerski.ca\/fr\/wp-json\/wp\/v2\/product\/1885"}],"collection":[{"href":"https:\/\/rollerski.ca\/fr\/wp-json\/wp\/v2\/product"}],"about":[{"href":"https:\/\/rollerski.ca\/fr\/wp-json\/wp\/v2\/types\/product"}],"replies":[{"embeddable":true,"href":"https:\/\/rollerski.ca\/fr\/wp-json\/wp\/v2\/comments?post=1885"}],"wp:featuredmedia":[{"embeddable":true,"href":"https:\/\/rollerski.ca\/fr\/wp-json\/wp\/v2\/media\/1887"}],"wp:attachment":[{"href":"https:\/\/rollerski.ca\/fr\/wp-json\/wp\/v2\/media?parent=1885"}],"wp:term":[{"taxonomy":"product_cat","embeddable":true,"href":"https:\/\/rollerski.ca\/fr\/wp-json\/wp\/v2\/product_cat?post=1885"},{"taxonomy":"product_tag","embeddable":true,"href":"https:\/\/rollerski.ca\/fr\/wp-json\/wp\/v2\/product_tag?post=1885"}],"curies":[{"name":"wp","href":"https:\/\/api.w.org\/{rel}","templated":true}]}}