{"id":1774,"date":"2021-05-20T22:16:44","date_gmt":"2021-05-21T02:16:45","guid":{"rendered":"https:\/\/rollerski.ca\/?post_type=product&#038;p=1774"},"modified":"2024-04-27T17:19:03","modified_gmt":"2024-04-27T21:19:03","slug":"roue-8-pouces-pour-rollerskis-srb","status":"publish","type":"product","link":"https:\/\/rollerski.ca\/fr\/produit\/roue-8-pouces-pour-rollerskis-srb\/","title":{"rendered":"Roue 8 pouces pour rollerskis SRB"},"content":{"rendered":"<span class=\"et_bloom_bottom_trigger\"><\/span>","protected":false},"excerpt":{"rendered":"<p>La roue 8 pouces est sp\u00e9cialement con\u00e7ue pour le ski \u00e0 roulettes tout terrain. La grande taille vous permet de rouler sur des routes non pav\u00e9es et des sols meubles.<\/p>\n<p>D\u00e9tails<\/p>\n<p>* montage de roue compl\u00e8te pour rollerskis SRB XRS06 et XRS07<\/p>\n<p>* avec pneu Primo Alpha, chambre \u00e0 air avec valve de voiture\/v\u00e9lo, jante en deux parties, pi\u00e8ces de roulement et pi\u00e8ces d\u2019espacement<\/p>\n<p>* gonfler au max. 3,5 bar (50 psi)<\/p>\n<p>* 1 pi\u00e8ce<\/p>\n<p>* couleur : noir<\/p>\n","protected":false},"featured_media":3209,"comment_status":"open","ping_status":"closed","template":"","meta":[],"product_cat":[29,38],"product_tag":[],"_links":{"self":[{"href":"https:\/\/rollerski.ca\/fr\/wp-json\/wp\/v2\/product\/1774"}],"collection":[{"href":"https:\/\/rollerski.ca\/fr\/wp-json\/wp\/v2\/product"}],"about":[{"href":"https:\/\/rollerski.ca\/fr\/wp-json\/wp\/v2\/types\/product"}],"replies":[{"embeddable":true,"href":"https:\/\/rollerski.ca\/fr\/wp-json\/wp\/v2\/comments?post=1774"}],"wp:featuredmedia":[{"embeddable":true,"href":"https:\/\/rollerski.ca\/fr\/wp-json\/wp\/v2\/media\/3209"}],"wp:attachment":[{"href":"https:\/\/rollerski.ca\/fr\/wp-json\/wp\/v2\/media?parent=1774"}],"wp:term":[{"taxonomy":"product_cat","embeddable":true,"href":"https:\/\/rollerski.ca\/fr\/wp-json\/wp\/v2\/product_cat?post=1774"},{"taxonomy":"product_tag","embeddable":true,"href":"https:\/\/rollerski.ca\/fr\/wp-json\/wp\/v2\/product_tag?post=1774"}],"curies":[{"name":"wp","href":"https:\/\/api.w.org\/{rel}","templated":true}]}}