{"id":1759,"date":"2021-05-20T13:25:45","date_gmt":"2021-05-20T17:25:46","guid":{"rendered":"https:\/\/rollerski.ca\/?post_type=product&#038;p=1759"},"modified":"2022-12-06T18:19:29","modified_gmt":"2022-12-06T23:19:29","slug":"pneu-8-pouces-pour-rollerskis-srb","status":"publish","type":"product","link":"https:\/\/rollerski.ca\/fr\/produit\/pneu-8-pouces-pour-rollerskis-srb\/","title":{"rendered":"Pneu 8 pouces pour rollerskis SRB"},"content":{"rendered":"<span class=\"et_bloom_bottom_trigger\"><\/span>","protected":false},"excerpt":{"rendered":"<p>Pour les rollerskis SRB XRS06 et XRS07.<\/p>\n<p>La composition et la mati\u00e8re en caoutchouc de ce pneu sp\u00e9cialement con\u00e7u garantissent que votre sortie en ski \u00e0 roulettes est amusante et s\u00fbre, quelle que soit la difficult\u00e9 du terrain. Vous aurez un contr\u00f4le suffisant sur la chauss\u00e9e, le gravier ou d&rsquo;autres surfaces.<\/p>\n<p>Diam\u00e8tre: 20 cm \/ 8 po<\/p>\n<p>max. Pression: 3,5 bar \/ 50 psi<\/p>\n<p>Pneu haute performance et extr\u00eamement durable<\/p>\n<p>Couleur\u00a0: noir<\/p>\n","protected":false},"featured_media":1764,"comment_status":"open","ping_status":"closed","template":"","meta":[],"product_cat":[29,38],"product_tag":[],"_links":{"self":[{"href":"https:\/\/rollerski.ca\/fr\/wp-json\/wp\/v2\/product\/1759"}],"collection":[{"href":"https:\/\/rollerski.ca\/fr\/wp-json\/wp\/v2\/product"}],"about":[{"href":"https:\/\/rollerski.ca\/fr\/wp-json\/wp\/v2\/types\/product"}],"replies":[{"embeddable":true,"href":"https:\/\/rollerski.ca\/fr\/wp-json\/wp\/v2\/comments?post=1759"}],"wp:featuredmedia":[{"embeddable":true,"href":"https:\/\/rollerski.ca\/fr\/wp-json\/wp\/v2\/media\/1764"}],"wp:attachment":[{"href":"https:\/\/rollerski.ca\/fr\/wp-json\/wp\/v2\/media?parent=1759"}],"wp:term":[{"taxonomy":"product_cat","embeddable":true,"href":"https:\/\/rollerski.ca\/fr\/wp-json\/wp\/v2\/product_cat?post=1759"},{"taxonomy":"product_tag","embeddable":true,"href":"https:\/\/rollerski.ca\/fr\/wp-json\/wp\/v2\/product_tag?post=1759"}],"curies":[{"name":"wp","href":"https:\/\/api.w.org\/{rel}","templated":true}]}}