{"id":1539,"date":"2021-02-07T20:27:52","date_gmt":"2021-02-08T01:27:44","guid":{"rendered":"https:\/\/rollerski.ca\/?post_type=product&#038;p=1539"},"modified":"2025-03-15T19:57:13","modified_gmt":"2025-03-15T23:57:13","slug":"batons-leki-genius-vario-carbon-speedlock-telescopiques-160-180-cm","status":"publish","type":"product","link":"https:\/\/rollerski.ca\/fr\/produit\/batons-leki-genius-vario-carbon-speedlock-telescopiques-160-180-cm\/","title":{"rendered":"B\u00e2tons Leki Genius Vario Carbon SpeedLock t\u00e9l\u00e9scopiques 160-180 cm"},"content":{"rendered":"<ul>\n<li>Poign\u00e9es \u201cTrigger Shark 2.0 (2-Component)\u201d<\/li>\n<li>Dragonnes \u201cTrigger Shark (Active)\u201d<\/li>\n<li>Syst\u00e8me d\u2019ajustement serrable \u201cSpeedLock 2\u201d<\/li>\n<li>Paniers pour ski de fond \u201cCross Country (Super Race Vario)\u201d avec embout de carbure, install\u00e9s sur les b\u00e2tons<\/li>\n<li>Ferrules Leki en carbure pour le ski \u00e0 roulettes fournies, \u00e0 installer<\/li>\n<li>Haut: 14 mm Aluminium (HTS 6.5) \/ Bas: 16 mm Composite Carbone (75%)<\/li>\n<li>Longueur ajustable 160-180 cm<\/li>\n<li>Poids: moins de 500 grammes pour une paire<\/li>\n<\/ul>\n<span class=\"et_bloom_bottom_trigger\"><\/span>","protected":false},"excerpt":{"rendered":"<p><span style=\"font-weight: 400;\">Le b\u00e2ton Genius Vario est polyvalent. Le syst\u00e8me de serrage SpeedLock2 permet de r\u00e9gler la longueur en un tour de main pour passer de la technique classique \u00e0 la technique style libre. Vous avez 20 cm comme plage d\u2019ajustement. Il n\u2019a jamais \u00e9t\u00e9 aussi facile de combiner les deux techniques \u00e0 l\u2019entra\u00eenement! Ces b\u00e2tons sont con\u00e7us pour le rollerski et le ski de fond.<\/span><\/p>\n","protected":false},"featured_media":1542,"comment_status":"open","ping_status":"closed","template":"","meta":[],"product_cat":[29,39],"product_tag":[],"_links":{"self":[{"href":"https:\/\/rollerski.ca\/fr\/wp-json\/wp\/v2\/product\/1539"}],"collection":[{"href":"https:\/\/rollerski.ca\/fr\/wp-json\/wp\/v2\/product"}],"about":[{"href":"https:\/\/rollerski.ca\/fr\/wp-json\/wp\/v2\/types\/product"}],"replies":[{"embeddable":true,"href":"https:\/\/rollerski.ca\/fr\/wp-json\/wp\/v2\/comments?post=1539"}],"wp:featuredmedia":[{"embeddable":true,"href":"https:\/\/rollerski.ca\/fr\/wp-json\/wp\/v2\/media\/1542"}],"wp:attachment":[{"href":"https:\/\/rollerski.ca\/fr\/wp-json\/wp\/v2\/media?parent=1539"}],"wp:term":[{"taxonomy":"product_cat","embeddable":true,"href":"https:\/\/rollerski.ca\/fr\/wp-json\/wp\/v2\/product_cat?post=1539"},{"taxonomy":"product_tag","embeddable":true,"href":"https:\/\/rollerski.ca\/fr\/wp-json\/wp\/v2\/product_tag?post=1539"}],"curies":[{"name":"wp","href":"https:\/\/api.w.org\/{rel}","templated":true}]}}