{"id":1497,"date":"2021-01-11T20:53:37","date_gmt":"2021-01-12T01:53:31","guid":{"rendered":"https:\/\/rollerski.ca\/?post_type=product&#038;p=1497"},"modified":"2021-10-14T18:13:01","modified_gmt":"2021-10-14T22:13:01","slug":"lecon-semi-privee-2h","status":"publish","type":"product","link":"https:\/\/rollerski.ca\/fr\/produit\/lecon-semi-privee-2h\/","title":{"rendered":"Le\u00e7on semi priv\u00e9e 1h  (prix pour 2 pers)"},"content":{"rendered":"<span class=\"et_bloom_bottom_trigger\"><\/span>","protected":false},"excerpt":{"rendered":"<p>1 heure de le\u00e7on semi-priv\u00e9e de rollerski ou ski de fond (2 personnes)<\/p>\n<p>Il vous sera n\u00e9cessaire de signer notre formulaire de d\u00e9charge de responsabilit\u00e9 et de le fournir \u00e0 l\u2019instructeur.<br \/>\nVous pouvez le t\u00e9l\u00e9charger ici.<br \/>\n<a href=\"https:\/\/rollerski.ca\/wp-content\/uploads\/2021\/01\/Formulaire-de-decharge-de-responsabilite.pdf\" target=\"_blank\" rel=\"noopener\">Formulaire-de decharge-de-responsabilite.pdf<\/a><\/p>\n","protected":false},"featured_media":1944,"comment_status":"open","ping_status":"closed","template":"","meta":[],"product_cat":[75],"product_tag":[],"_links":{"self":[{"href":"https:\/\/rollerski.ca\/fr\/wp-json\/wp\/v2\/product\/1497"}],"collection":[{"href":"https:\/\/rollerski.ca\/fr\/wp-json\/wp\/v2\/product"}],"about":[{"href":"https:\/\/rollerski.ca\/fr\/wp-json\/wp\/v2\/types\/product"}],"replies":[{"embeddable":true,"href":"https:\/\/rollerski.ca\/fr\/wp-json\/wp\/v2\/comments?post=1497"}],"wp:featuredmedia":[{"embeddable":true,"href":"https:\/\/rollerski.ca\/fr\/wp-json\/wp\/v2\/media\/1944"}],"wp:attachment":[{"href":"https:\/\/rollerski.ca\/fr\/wp-json\/wp\/v2\/media?parent=1497"}],"wp:term":[{"taxonomy":"product_cat","embeddable":true,"href":"https:\/\/rollerski.ca\/fr\/wp-json\/wp\/v2\/product_cat?post=1497"},{"taxonomy":"product_tag","embeddable":true,"href":"https:\/\/rollerski.ca\/fr\/wp-json\/wp\/v2\/product_tag?post=1497"}],"curies":[{"name":"wp","href":"https:\/\/api.w.org\/{rel}","templated":true}]}}