{"id":1449,"date":"2020-11-24T15:32:42","date_gmt":"2020-11-24T20:32:48","guid":{"rendered":"https:\/\/rollerski.ca\/?post_type=product&#038;p=1449"},"modified":"2022-05-02T16:27:38","modified_gmt":"2022-05-02T20:27:38","slug":"xact-gaufrette-proteinee-au-chocolat-boite-de-24","status":"publish","type":"product","link":"https:\/\/rollerski.ca\/fr\/produit\/xact-gaufrette-proteinee-au-chocolat-boite-de-24\/","title":{"rendered":"Xact Gaufrette prot\u00e9in\u00e9e au chocolat &#8211; Bo\u00eete de 24"},"content":{"rendered":"<span class=\"et_bloom_bottom_trigger\"><\/span>","protected":false},"excerpt":{"rendered":"<p>BOITE DE 24 BARRES. Nous avons aussi les saveurs coconut et vanille. Vous pouvez le mentionner dans la zone de commantaire lorsque vous commandez.<\/p>\n<p>D\u00e9licieuse gaufrette de r\u00e9cup\u00e9ration. PROKRUNCH contient 15g de prot\u00e9ines de lactos\u00e9rum, 19g de glucides et des vitamines essentielles pour le m\u00e9tabolisme \u00e9nerg\u00e9tique et pour une r\u00e9cup\u00e9ration musculaire efficace.<\/p>\n<ul>\n<li>App\u00e9tissante et d\u00e9licieuse<\/li>\n<li>Id\u00e9ale apr\u00e8s l\u2019entrainement ou une course<\/li>\n<li>Ultra Pratique et compacte<\/li>\n<li>Ingr\u00e9dients qui apportent tous ce qu&rsquo;il faut pour d\u00e9marrer votre r\u00e9cup\u00e9ration apr\u00e8s l&rsquo;effort<\/li>\n<li>Sans caf\u00e9ine<\/li>\n<li>Mangez 1 barre jusqu&rsquo;\u00e0 30 minutes apr\u00e8s avoir compl\u00e9t\u00e9 votre activit\u00e9.<\/li>\n<\/ul>\n","protected":false},"featured_media":1962,"comment_status":"open","ping_status":"closed","template":"","meta":[],"product_cat":[61],"product_tag":[],"_links":{"self":[{"href":"https:\/\/rollerski.ca\/fr\/wp-json\/wp\/v2\/product\/1449"}],"collection":[{"href":"https:\/\/rollerski.ca\/fr\/wp-json\/wp\/v2\/product"}],"about":[{"href":"https:\/\/rollerski.ca\/fr\/wp-json\/wp\/v2\/types\/product"}],"replies":[{"embeddable":true,"href":"https:\/\/rollerski.ca\/fr\/wp-json\/wp\/v2\/comments?post=1449"}],"wp:featuredmedia":[{"embeddable":true,"href":"https:\/\/rollerski.ca\/fr\/wp-json\/wp\/v2\/media\/1962"}],"wp:attachment":[{"href":"https:\/\/rollerski.ca\/fr\/wp-json\/wp\/v2\/media?parent=1449"}],"wp:term":[{"taxonomy":"product_cat","embeddable":true,"href":"https:\/\/rollerski.ca\/fr\/wp-json\/wp\/v2\/product_cat?post=1449"},{"taxonomy":"product_tag","embeddable":true,"href":"https:\/\/rollerski.ca\/fr\/wp-json\/wp\/v2\/product_tag?post=1449"}],"curies":[{"name":"wp","href":"https:\/\/api.w.org\/{rel}","templated":true}]}}