{"id":1441,"date":"2020-11-24T11:21:48","date_gmt":"2020-11-24T16:21:56","guid":{"rendered":"https:\/\/rollerski.ca\/?post_type=product&#038;p=1441"},"modified":"2020-11-24T15:43:51","modified_gmt":"2020-11-24T20:43:51","slug":"fruit3-cassis-boite-de-24-barres","status":"publish","type":"product","link":"https:\/\/rollerski.ca\/fr\/produit\/fruit3-cassis-boite-de-24-barres\/","title":{"rendered":"FRUIT3 &#8211; Cassis (bo\u00eete de 24 barres)"},"content":{"rendered":"<span class=\"et_bloom_bottom_trigger\"><\/span>","protected":false},"excerpt":{"rendered":"<p>BOITE DE 24 BARRES<\/p>\n<p>Alternative gouteuse aux gels \u00e9nerg\u00e9tiques<\/p>\n<p>FRUIT3 vous apporte tout ce que vous adorez de FRUIT2, plus de la caf\u00e9ine et des \u00e9lectrolytes pour un regain d\u2019\u00e9nergie.<\/p>\n<ul>\n<li>Naturel et v\u00e9g\u00e9talien<\/li>\n<li>Petite et compacte<\/li>\n<li>Moelleuse et fondante en bouche<\/li>\n<li>Rapidement absorb\u00e9e<\/li>\n<li>Ne g\u00e8le pas, m\u00eame \u00e0 -30 C !<\/li>\n<li>Peut contenir: traces de bl\u00e9, noisettes, amande.<\/li>\n<\/ul>\n","protected":false},"featured_media":1964,"comment_status":"open","ping_status":"closed","template":"","meta":[],"product_cat":[61],"product_tag":[],"_links":{"self":[{"href":"https:\/\/rollerski.ca\/fr\/wp-json\/wp\/v2\/product\/1441"}],"collection":[{"href":"https:\/\/rollerski.ca\/fr\/wp-json\/wp\/v2\/product"}],"about":[{"href":"https:\/\/rollerski.ca\/fr\/wp-json\/wp\/v2\/types\/product"}],"replies":[{"embeddable":true,"href":"https:\/\/rollerski.ca\/fr\/wp-json\/wp\/v2\/comments?post=1441"}],"wp:featuredmedia":[{"embeddable":true,"href":"https:\/\/rollerski.ca\/fr\/wp-json\/wp\/v2\/media\/1964"}],"wp:attachment":[{"href":"https:\/\/rollerski.ca\/fr\/wp-json\/wp\/v2\/media?parent=1441"}],"wp:term":[{"taxonomy":"product_cat","embeddable":true,"href":"https:\/\/rollerski.ca\/fr\/wp-json\/wp\/v2\/product_cat?post=1441"},{"taxonomy":"product_tag","embeddable":true,"href":"https:\/\/rollerski.ca\/fr\/wp-json\/wp\/v2\/product_tag?post=1441"}],"curies":[{"name":"wp","href":"https:\/\/api.w.org\/{rel}","templated":true}]}}