{"id":1302,"date":"2020-05-11T22:11:30","date_gmt":"2020-05-12T02:11:40","guid":{"rendered":"https:\/\/rollerski.ca\/?post_type=product&#038;p=1302"},"modified":"2022-07-05T11:07:49","modified_gmt":"2022-07-05T15:07:49","slug":"systeme-anti-recul-pour-roue-200mm","status":"publish","type":"product","link":"https:\/\/rollerski.ca\/fr\/produit\/systeme-anti-recul-pour-roue-200mm\/","title":{"rendered":"Syst\u00e8me anti-recul pour roue 200mm"},"content":{"rendered":"<span class=\"et_bloom_bottom_trigger\"><\/span>","protected":false},"excerpt":{"rendered":"<p>Syst\u00e8me emp\u00eachant la roue de reculer. Installation \u00e0 la roue avant seulement. Permet d\u2019ex\u00e9cuter la technique classique et aide lors des mont\u00e9es.<\/p>\n","protected":false},"featured_media":1304,"comment_status":"open","ping_status":"closed","template":"","meta":[],"product_cat":[29,38],"product_tag":[],"_links":{"self":[{"href":"https:\/\/rollerski.ca\/fr\/wp-json\/wp\/v2\/product\/1302"}],"collection":[{"href":"https:\/\/rollerski.ca\/fr\/wp-json\/wp\/v2\/product"}],"about":[{"href":"https:\/\/rollerski.ca\/fr\/wp-json\/wp\/v2\/types\/product"}],"replies":[{"embeddable":true,"href":"https:\/\/rollerski.ca\/fr\/wp-json\/wp\/v2\/comments?post=1302"}],"wp:featuredmedia":[{"embeddable":true,"href":"https:\/\/rollerski.ca\/fr\/wp-json\/wp\/v2\/media\/1304"}],"wp:attachment":[{"href":"https:\/\/rollerski.ca\/fr\/wp-json\/wp\/v2\/media?parent=1302"}],"wp:term":[{"taxonomy":"product_cat","embeddable":true,"href":"https:\/\/rollerski.ca\/fr\/wp-json\/wp\/v2\/product_cat?post=1302"},{"taxonomy":"product_tag","embeddable":true,"href":"https:\/\/rollerski.ca\/fr\/wp-json\/wp\/v2\/product_tag?post=1302"}],"curies":[{"name":"wp","href":"https:\/\/api.w.org\/{rel}","templated":true}]}}