{"id":1266,"date":"2020-05-03T17:06:18","date_gmt":"2020-05-03T21:06:30","guid":{"rendered":"https:\/\/rollerski.ca\/?post_type=product&#038;p=1266"},"modified":"2024-02-11T17:45:16","modified_gmt":"2024-02-11T22:45:16","slug":"ferrules-leki-collables-10mm","status":"publish","type":"product","link":"https:\/\/rollerski.ca\/fr\/produit\/ferrules-leki-collables-10mm\/","title":{"rendered":"Ferrules Leki collables 10mm"},"content":{"rendered":"<span class=\"et_bloom_bottom_trigger\"><\/span>","protected":false},"excerpt":{"rendered":"<p>Les ferrules Leki sont sp\u00e9cialement con\u00e7ues pour le ski \u00e0 roulettes avec des pointes endurcies en Tungsten. Une petite bordure pr\u00e9vient les \u00e9clats de d\u00e9bris. Cette ferrule remplace le panier des b\u00e2tons de ski de fond.<\/p>\n<p>Couleur: Jaune ou rouge<br \/>\nDiam\u00e8tre: Compatible pour diam\u00e8tres de b\u00e2tons de 8, 9 et 10mm.<\/p>\n","protected":false},"featured_media":1268,"comment_status":"open","ping_status":"closed","template":"","meta":[],"product_cat":[29,39],"product_tag":[],"_links":{"self":[{"href":"https:\/\/rollerski.ca\/fr\/wp-json\/wp\/v2\/product\/1266"}],"collection":[{"href":"https:\/\/rollerski.ca\/fr\/wp-json\/wp\/v2\/product"}],"about":[{"href":"https:\/\/rollerski.ca\/fr\/wp-json\/wp\/v2\/types\/product"}],"replies":[{"embeddable":true,"href":"https:\/\/rollerski.ca\/fr\/wp-json\/wp\/v2\/comments?post=1266"}],"wp:featuredmedia":[{"embeddable":true,"href":"https:\/\/rollerski.ca\/fr\/wp-json\/wp\/v2\/media\/1268"}],"wp:attachment":[{"href":"https:\/\/rollerski.ca\/fr\/wp-json\/wp\/v2\/media?parent=1266"}],"wp:term":[{"taxonomy":"product_cat","embeddable":true,"href":"https:\/\/rollerski.ca\/fr\/wp-json\/wp\/v2\/product_cat?post=1266"},{"taxonomy":"product_tag","embeddable":true,"href":"https:\/\/rollerski.ca\/fr\/wp-json\/wp\/v2\/product_tag?post=1266"}],"curies":[{"name":"wp","href":"https:\/\/api.w.org\/{rel}","templated":true}]}}