{"id":1241,"date":"2020-05-02T18:23:26","date_gmt":"2020-05-02T22:23:39","guid":{"rendered":"https:\/\/rollerski.ca\/?post_type=product&#038;p=1241"},"modified":"2025-05-24T12:38:29","modified_gmt":"2025-05-24T16:38:29","slug":"srb-xrs05","status":"publish","type":"product","link":"https:\/\/rollerski.ca\/fr\/produit\/srb-xrs05\/","title":{"rendered":"SRB XRS05"},"content":{"rendered":"<span class=\"et_bloom_bottom_trigger\"><\/span>","protected":false},"excerpt":{"rendered":"<p>Rollerski tout terrain le plus l\u00e9ger. La longueur de la base est de 495mm et peut accueillir les pointures de chaussures jusqu&rsquo;\u00e0 42 ou 9 US. Les roues 150mm vont vous offrir contr\u00f4le et perfomance.<\/p>\n<p>&nbsp;<\/p>\n","protected":false},"featured_media":1244,"comment_status":"open","ping_status":"closed","template":"","meta":[],"product_cat":[28,68],"product_tag":[],"_links":{"self":[{"href":"https:\/\/rollerski.ca\/fr\/wp-json\/wp\/v2\/product\/1241"}],"collection":[{"href":"https:\/\/rollerski.ca\/fr\/wp-json\/wp\/v2\/product"}],"about":[{"href":"https:\/\/rollerski.ca\/fr\/wp-json\/wp\/v2\/types\/product"}],"replies":[{"embeddable":true,"href":"https:\/\/rollerski.ca\/fr\/wp-json\/wp\/v2\/comments?post=1241"}],"wp:featuredmedia":[{"embeddable":true,"href":"https:\/\/rollerski.ca\/fr\/wp-json\/wp\/v2\/media\/1244"}],"wp:attachment":[{"href":"https:\/\/rollerski.ca\/fr\/wp-json\/wp\/v2\/media?parent=1241"}],"wp:term":[{"taxonomy":"product_cat","embeddable":true,"href":"https:\/\/rollerski.ca\/fr\/wp-json\/wp\/v2\/product_cat?post=1241"},{"taxonomy":"product_tag","embeddable":true,"href":"https:\/\/rollerski.ca\/fr\/wp-json\/wp\/v2\/product_tag?post=1241"}],"curies":[{"name":"wp","href":"https:\/\/api.w.org\/{rel}","templated":true}]}}