{"id":1123,"date":"2019-10-18T21:30:02","date_gmt":"2019-10-19T01:30:08","guid":{"rendered":"https:\/\/rollerski.ca\/?post_type=product&#038;p=1123"},"modified":"2019-10-20T15:17:20","modified_gmt":"2019-10-20T19:17:20","slug":"fruit2-fraise-boite-de-24","status":"publish","type":"product","link":"https:\/\/rollerski.ca\/fr\/produit\/fruit2-fraise-boite-de-24\/","title":{"rendered":"FRUIT2 Fraise &#8211; Bo\u00eete de 24"},"content":{"rendered":"<ul>\n<li>100 calories par barre<\/li>\n<li>Naturel et v\u00e9g\u00e9talien<\/li>\n<li>Petite et compacte<\/li>\n<li>Moelleuse et fondante en bouche<\/li>\n<li>Rapidement absorb\u00e9e<\/li>\n<li>Ne g\u00e8le pas, m\u00eame \u00e0 -30 C !<\/li>\n<\/ul>\n<p><strong>Ingr\u00e9dients :<\/strong> pulpe de fruits (pomme, fraise), sucre, sirop de glucose, substances aromatisantes naturelles, pectine, jus de citron, colorants naturels. Peut contenir: traces de bl\u00e9, noisettes, amande.<\/p>\n<span class=\"et_bloom_bottom_trigger\"><\/span>","protected":false},"excerpt":{"rendered":"<p>BOITE DE 24 BARRES<\/p>\n<p>Lorsque nous avons lanc\u00e9 FRUIT2 au Xtrail Orford en 2012, notre objectif a \u00e9t\u00e9 d\u2019offrir une nouvelle fa\u00e7on de s\u2019\u00e9nergiser pendant les sports d\u2019endurance, afin que vous puissiez continuer plus vite et pour plus longtemps. Une barre de fruit \u00e9nerg\u00e9tique plus naturelle, au go\u00fbt savoureux, facile \u00e0 manger et qui agit vite.<\/p>\n<p>Pour des activit\u00e9s &gt; 1 heure, prenez 1 barre \/ 30 minutes. Son efficacit\u00e9 a \u00e9t\u00e9 prouv\u00e9e de l\u2019Antarctique aux d\u00e9serts d\u2019Hawaii\u2026 et bien s\u00fbr \u00e0 travers tout le Canada !<\/p>\n","protected":false},"featured_media":1988,"comment_status":"open","ping_status":"closed","template":"","meta":[],"product_cat":[61],"product_tag":[],"_links":{"self":[{"href":"https:\/\/rollerski.ca\/fr\/wp-json\/wp\/v2\/product\/1123"}],"collection":[{"href":"https:\/\/rollerski.ca\/fr\/wp-json\/wp\/v2\/product"}],"about":[{"href":"https:\/\/rollerski.ca\/fr\/wp-json\/wp\/v2\/types\/product"}],"replies":[{"embeddable":true,"href":"https:\/\/rollerski.ca\/fr\/wp-json\/wp\/v2\/comments?post=1123"}],"wp:featuredmedia":[{"embeddable":true,"href":"https:\/\/rollerski.ca\/fr\/wp-json\/wp\/v2\/media\/1988"}],"wp:attachment":[{"href":"https:\/\/rollerski.ca\/fr\/wp-json\/wp\/v2\/media?parent=1123"}],"wp:term":[{"taxonomy":"product_cat","embeddable":true,"href":"https:\/\/rollerski.ca\/fr\/wp-json\/wp\/v2\/product_cat?post=1123"},{"taxonomy":"product_tag","embeddable":true,"href":"https:\/\/rollerski.ca\/fr\/wp-json\/wp\/v2\/product_tag?post=1123"}],"curies":[{"name":"wp","href":"https:\/\/api.w.org\/{rel}","templated":true}]}}