{"id":2776,"date":"2022-05-09T06:52:57","date_gmt":"2022-05-09T10:52:57","guid":{"rendered":"https:\/\/rollerski.ca\/?page_id=2776"},"modified":"2022-07-28T11:11:20","modified_gmt":"2022-07-28T15:11:20","slug":"rollerski-aventures-decharge-de-responsabilite-et-entente-de-dedommagement-en-cas-de-bris-perte-dequipement","status":"publish","type":"page","link":"https:\/\/rollerski.ca\/fr\/rollerski-aventures-decharge-de-responsabilite-et-entente-de-dedommagement-en-cas-de-bris-perte-dequipement\/","title":{"rendered":"Rollerski &#8211; D\u00e9charge de responsabilit\u00e9 et Entente de d\u00e9dommagement en cas de bris\/perte d&rsquo;\u00e9quipement"},"content":{"rendered":"<span class=\"et_bloom_bottom_trigger\"><\/span>","protected":false},"excerpt":{"rendered":"","protected":false},"author":130,"featured_media":0,"parent":0,"menu_order":0,"comment_status":"closed","ping_status":"closed","template":"","meta":{"footnotes":""},"_links":{"self":[{"href":"https:\/\/rollerski.ca\/fr\/wp-json\/wp\/v2\/pages\/2776"}],"collection":[{"href":"https:\/\/rollerski.ca\/fr\/wp-json\/wp\/v2\/pages"}],"about":[{"href":"https:\/\/rollerski.ca\/fr\/wp-json\/wp\/v2\/types\/page"}],"author":[{"embeddable":true,"href":"https:\/\/rollerski.ca\/fr\/wp-json\/wp\/v2\/users\/130"}],"replies":[{"embeddable":true,"href":"https:\/\/rollerski.ca\/fr\/wp-json\/wp\/v2\/comments?post=2776"}],"version-history":[{"count":2,"href":"https:\/\/rollerski.ca\/fr\/wp-json\/wp\/v2\/pages\/2776\/revisions"}],"predecessor-version":[{"id":3091,"href":"https:\/\/rollerski.ca\/fr\/wp-json\/wp\/v2\/pages\/2776\/revisions\/3091"}],"wp:attachment":[{"href":"https:\/\/rollerski.ca\/fr\/wp-json\/wp\/v2\/media?parent=2776"}],"curies":[{"name":"wp","href":"https:\/\/api.w.org\/{rel}","templated":true}]}}