{"id":1706,"date":"2021-05-03T16:26:01","date_gmt":"2021-05-03T20:26:01","guid":{"rendered":"https:\/\/rollerski.ca\/?page_id=1706"},"modified":"2023-05-04T09:54:02","modified_gmt":"2023-05-04T13:54:02","slug":"politique-de-confidentialite","status":"publish","type":"page","link":"https:\/\/rollerski.ca\/fr\/politique-de-confidentialite\/","title":{"rendered":"Politique de confidentialit\u00e9"},"content":{"rendered":"\t\t<div data-elementor-type=\"wp-page\" data-elementor-id=\"1706\" class=\"elementor elementor-1706 elementor-1702\" data-elementor-post-type=\"page\">\n\t\t\t\t\t\t<section class=\"elementor-section elementor-top-section elementor-element elementor-element-b482f1c elementor-section-boxed elementor-section-height-default elementor-section-height-default\" data-id=\"b482f1c\" data-element_type=\"section\">\n\t\t\t\t\t\t<div class=\"elementor-container elementor-column-gap-default\">\n\t\t\t\t\t<div class=\"elementor-column elementor-col-100 elementor-top-column elementor-element elementor-element-9282518\" data-id=\"9282518\" data-element_type=\"column\">\n\t\t\t<div class=\"elementor-widget-wrap elementor-element-populated\">\n\t\t\t\t\t\t<div class=\"elementor-element elementor-element-f33f25a elementor-widget elementor-widget-text-editor\" data-id=\"f33f25a\" data-element_type=\"widget\" data-widget_type=\"text-editor.default\">\n\t\t\t\t<div class=\"elementor-widget-container\">\n\t\t\t\t\t\t\t<p>Nous nous engageons \u00e0 communiquer avec vous de mani\u00e8re professionnelle et \u00e0 prot\u00e9ger vos informations confidentielles. Nous utilisons les informations que vous fournissez (par exemple: votre nom, adresse, num\u00e9ro de t\u00e9l\u00e9phone, courriel, accord pour recevoir notre infolettre, des offres de services, etc.) pour vous contacter et pour vous partager des informations sur nos produits. Nous ne partagerons pas vos informations avec des tiers hors de notre organisation, sauf si n\u00e9cessaire pour r\u00e9pondre \u00e0 votre demande. Notre entreprise ne vend pas, ne traite pas ou ne loue pas vos informations personnelles \u00e0 d\u2019autres personnes.<\/p><p>Sauf si vous refusez par \u00e9crit, nous vous transmettrons des informations sur notre soci\u00e9t\u00e9 ou nos services. Si vous vous abonnez \u00e0 notre infolettre, vous pouvez vous d\u00e9sabonner \u00e0 tout moment, soit en utilisant le lien de d\u00e9sinscription dans les courriels d\u2019infolettre, soit en nous contactant via l\u2019adresse \u00e9lectronique indiqu\u00e9e sur notre site.<\/p><p>Veuillez nous contacter pour corriger ou mettre \u00e0 jour vos informations \u00e0 tout moment.<\/p><p><strong>Connexion et cookies<\/strong><\/p><p>Lorsque vous parcourez notre site Web, les informations suivantes concernant votre visite sont collect\u00e9es et stock\u00e9es: l\u2019adresse du protocole Internet (IP) de l\u2019ordinateur (un num\u00e9ro automatiquement attribu\u00e9 \u00e0 votre ordinateur lorsque vous acc\u00e9dez \u00e0 Internet); Le domaine \u00e0 partir duquel vous acc\u00e9dez \u00e0 Internet (par exemple: google.com), l\u2019adresse du site Web \u00e0 partir du quel vous \u00eates venu sur notre site (par exemple: www.google.com, si vous acc\u00e9dez \u00e0 notre site Internet en cliquant sur un lien dans le moteur de recherche Google); La date et l\u2019heure o\u00f9 vous \u00eates arriv\u00e9 et combien de temps avez-vous pass\u00e9 sur notre site; Le nom et la version du syst\u00e8me d\u2019exploitation et du navigateur de votre ordinateur Exemple: Windows 7 \/ Internet Explorer 8.0; Les pages que vous avez visit\u00e9es.<\/p><p>Nous utilisons \u00e9galement des \u00abcookies\u00bb sur notre site. Un cookie est une donn\u00e9e stock\u00e9e dans le navigateur du visiteur pour nous aider \u00e0 d\u00e9terminer l\u2019utilisation de notre site et les sources du trafic, d\u2019am\u00e9liorer l\u2019acc\u00e8s \u00e0 notre site et d\u2019identifier les visiteurs r\u00e9currents.<\/p><p><strong>Les liens<br \/><\/strong><\/p><p>Notre site Internet peut contenir des liens vers d\u2019autres sites. Soyez conscient que nous ne sommes pas responsables du contenu ou des pratiques de confidentialit\u00e9 de ces autres sites.<\/p><p><strong>Microsoft Clarity<\/strong><br \/><\/p><p>Nous am\u00e9liorons nos produits et nos publicit\u00e9s en utilisant Microsoft Clarity pour voir comment vous utilisez notre site Web. En utilisant notre site, vous acceptez que nous et Microsoft puissions collecter et utiliser ces donn\u00e9es.<\/p><p>Nous travaillons en partenariat avec Microsoft Clarity et Microsoft Advertising pour capturer la fa\u00e7on dont vous utilisez et interagissez avec notre site Web par le biais de mesures comportementales, de cartes thermiques et de relecture de session afin d&rsquo;am\u00e9liorer et de commercialiser nos produits\/services. Les donn\u00e9es d&rsquo;utilisation du site Web sont captur\u00e9es \u00e0 l&rsquo;aide de cookies propri\u00e9taires et tiers et d&rsquo;autres technologies de suivi pour d\u00e9terminer la popularit\u00e9 des produits\/services et l&rsquo;activit\u00e9 en ligne. De plus, nous utilisons ces informations \u00e0 des fins d&rsquo;optimisation du site, de fraude\/s\u00e9curit\u00e9 et de publicit\u00e9. Pour plus d&rsquo;informations sur la mani\u00e8re dont Microsoft collecte et utilise vos donn\u00e9es, consultez l&rsquo;<a href=\"https:\/\/privacy.microsoft.com\/fr-CA\/privacystatement\" target=\"_blank\" rel=\"noopener\" data-linktype=\"external\">\u00c9nonc\u00e9 de confidentialit\u00e9 Microsoft<\/a><\/p><p><strong>Vous avez des questions? <a href=\"https:\/\/rollerski.ca\/fr\/nous-joindre\/\">Contactez-nous.<\/a><\/strong><\/p>\t\t\t\t\t\t<\/div>\n\t\t\t\t<\/div>\n\t\t\t\t\t<\/div>\n\t\t<\/div>\n\t\t\t\t\t<\/div>\n\t\t<\/section>\n\t\t\t\t<\/div>\n\t\t<span class=\"et_bloom_bottom_trigger\"><\/span>","protected":false},"excerpt":{"rendered":"<p>Nous nous engageons \u00e0 communiquer avec vous de mani\u00e8re professionnelle et \u00e0 prot\u00e9ger vos informations confidentielles. Nous utilisons les informations que vous fournissez (par exemple: votre<span class=\"excerpt-hellip\"> [\u2026]<\/span><\/p>\n","protected":false},"author":37,"featured_media":0,"parent":0,"menu_order":0,"comment_status":"closed","ping_status":"closed","template":"","meta":{"footnotes":""},"_links":{"self":[{"href":"https:\/\/rollerski.ca\/fr\/wp-json\/wp\/v2\/pages\/1706"}],"collection":[{"href":"https:\/\/rollerski.ca\/fr\/wp-json\/wp\/v2\/pages"}],"about":[{"href":"https:\/\/rollerski.ca\/fr\/wp-json\/wp\/v2\/types\/page"}],"author":[{"embeddable":true,"href":"https:\/\/rollerski.ca\/fr\/wp-json\/wp\/v2\/users\/37"}],"replies":[{"embeddable":true,"href":"https:\/\/rollerski.ca\/fr\/wp-json\/wp\/v2\/comments?post=1706"}],"version-history":[{"count":7,"href":"https:\/\/rollerski.ca\/fr\/wp-json\/wp\/v2\/pages\/1706\/revisions"}],"predecessor-version":[{"id":3689,"href":"https:\/\/rollerski.ca\/fr\/wp-json\/wp\/v2\/pages\/1706\/revisions\/3689"}],"wp:attachment":[{"href":"https:\/\/rollerski.ca\/fr\/wp-json\/wp\/v2\/media?parent=1706"}],"curies":[{"name":"wp","href":"https:\/\/api.w.org\/{rel}","templated":true}]}}